{"id":953,"date":"2022-09-11T17:13:06","date_gmt":"2022-09-11T17:13:06","guid":{"rendered":"https:\/\/new.idealtoys.be\/?post_type=product&#038;p=953"},"modified":"2023-02-07T20:12:20","modified_gmt":"2023-02-07T20:12:20","slug":"kermiseendjes-per-2-verpakt","status":"publish","type":"product","link":"https:\/\/www.idealtoys.be\/fr\/produit\/kermiseendjes-per-2-verpakt\/","title":{"rendered":"OID8940 Canards de p\u00eache (le lot de 2)"},"content":{"rendered":"<p>Canards Carnival pour la p\u00eache emball\u00e9s par lot de 2 canards. Disponible en 2 variantes :<\/p>\n<p>Variante 1 avec 80 ensembles par bo\u00eete<\/p>\n<ul>\n<li>40 ensembles Jaune\/Vert<\/li>\n<li>40 ensembles Rose\/Bleu<\/li>\n<\/ul>\n<p>Variante 2 avec 90 ensembles par bo\u00eete :<\/p>\n<ul>\n<li>30 ensembles Rose\/Bleu<\/li>\n<li>30 ensembles Vert\/Orange<\/li>\n<li>30 ensembles jaune\/rouge<\/li>\n<\/ul>","protected":false},"excerpt":{"rendered":"<p>Canards de f\u00eate foraine pour la p\u00eache, conditionn\u00e9s par lot de 2. Disponibles en 2 variantes\u00a0: Variante 1 avec 80\u00a0canards par bo\u00eete\u00a0: 40\u00a0canards jaune\/vert, 40\u00a0canards rose\/bleu\u00a0; Variante 2 avec 90\u00a0canards par bo\u00eete\u00a0: 30\u00a0canards rose\/bleu, 30\u00a0canards vert\/orange, 30\u00a0canards jaune\/rouge.<\/p>","protected":false},"featured_media":1477,"template":"","meta":{"_acf_changed":false},"product_brand":[],"product_cat":[27],"product_tag":[],"class_list":{"0":"post-953","1":"product","2":"type-product","3":"status-publish","4":"has-post-thumbnail","6":"product_cat-kermiseendjes","8":"first","9":"instock","10":"taxable","11":"shipping-taxable","12":"product-type-variable"},"acf":[],"_links":{"self":[{"href":"https:\/\/www.idealtoys.be\/fr\/wp-json\/wp\/v2\/product\/953","targetHints":{"allow":["GET"]}}],"collection":[{"href":"https:\/\/www.idealtoys.be\/fr\/wp-json\/wp\/v2\/product"}],"about":[{"href":"https:\/\/www.idealtoys.be\/fr\/wp-json\/wp\/v2\/types\/product"}],"wp:featuredmedia":[{"embeddable":true,"href":"https:\/\/www.idealtoys.be\/fr\/wp-json\/wp\/v2\/media\/1477"}],"wp:attachment":[{"href":"https:\/\/www.idealtoys.be\/fr\/wp-json\/wp\/v2\/media?parent=953"}],"wp:term":[{"taxonomy":"product_brand","embeddable":true,"href":"https:\/\/www.idealtoys.be\/fr\/wp-json\/wp\/v2\/product_brand?post=953"},{"taxonomy":"product_cat","embeddable":true,"href":"https:\/\/www.idealtoys.be\/fr\/wp-json\/wp\/v2\/product_cat?post=953"},{"taxonomy":"product_tag","embeddable":true,"href":"https:\/\/www.idealtoys.be\/fr\/wp-json\/wp\/v2\/product_tag?post=953"}],"curies":[{"name":"wp","href":"https:\/\/api.w.org\/{rel}","templated":true}]}}