{"id":928,"date":"2022-09-02T15:41:17","date_gmt":"2022-09-02T15:41:17","guid":{"rendered":"https:\/\/new.idealtoys.be\/?post_type=product&#038;p=928"},"modified":"2026-02-04T16:48:16","modified_gmt":"2026-02-04T16:48:16","slug":"oid8820-drone","status":"publish","type":"product","link":"https:\/\/www.idealtoys.be\/fr\/produit\/oid8820-drone\/","title":{"rendered":"OID8820 \u2013 Drone"},"content":{"rendered":"<p>Mini drone avec t\u00e9l\u00e9commande et capteur infrarouge pour \u00e9viter les obstacles. Enti\u00e8rement contr\u00f4lable via les mouvements de la main. Rechargeable par c\u00e2ble USB. Disponible en 3 couleurs (rouge, bleu, jaune), emball\u00e9 m\u00e9lang\u00e9<br \/>\nDimensions : 31,9 x 22,8 x 7 cm.<\/p>","protected":false},"excerpt":{"rendered":"<p>Mini drone avec commande manuelle et capteur infrarouge pour \u00e9viter les obstacles. Enti\u00e8rement contr\u00f4lable via les mouvements de la main. Rechargeable via c\u00e2ble USB. Disponible en 3 coloris (Rouge, Bleu, Jaune), packaging mixte Dimensions : 31,9 x 22,8 x 7 cm.<\/p>","protected":false},"featured_media":1542,"template":"","meta":{"_acf_changed":false},"product_brand":[],"product_cat":[26],"product_tag":[],"class_list":{"0":"post-928","1":"product","2":"type-product","3":"status-publish","4":"has-post-thumbnail","6":"product_cat-indoor","7":"product_shipping_class-3st-per-doos","9":"first","10":"instock","11":"taxable","12":"shipping-taxable","13":"product-type-simple"},"acf":[],"_links":{"self":[{"href":"https:\/\/www.idealtoys.be\/fr\/wp-json\/wp\/v2\/product\/928","targetHints":{"allow":["GET"]}}],"collection":[{"href":"https:\/\/www.idealtoys.be\/fr\/wp-json\/wp\/v2\/product"}],"about":[{"href":"https:\/\/www.idealtoys.be\/fr\/wp-json\/wp\/v2\/types\/product"}],"wp:featuredmedia":[{"embeddable":true,"href":"https:\/\/www.idealtoys.be\/fr\/wp-json\/wp\/v2\/media\/1542"}],"wp:attachment":[{"href":"https:\/\/www.idealtoys.be\/fr\/wp-json\/wp\/v2\/media?parent=928"}],"wp:term":[{"taxonomy":"product_brand","embeddable":true,"href":"https:\/\/www.idealtoys.be\/fr\/wp-json\/wp\/v2\/product_brand?post=928"},{"taxonomy":"product_cat","embeddable":true,"href":"https:\/\/www.idealtoys.be\/fr\/wp-json\/wp\/v2\/product_cat?post=928"},{"taxonomy":"product_tag","embeddable":true,"href":"https:\/\/www.idealtoys.be\/fr\/wp-json\/wp\/v2\/product_tag?post=928"}],"curies":[{"name":"wp","href":"https:\/\/api.w.org\/{rel}","templated":true}]}}