{"id":924,"date":"2022-09-02T15:23:25","date_gmt":"2022-09-02T15:23:25","guid":{"rendered":"https:\/\/new.idealtoys.be\/?post_type=product&#038;p=924"},"modified":"2026-02-04T16:51:09","modified_gmt":"2026-02-04T16:51:09","slug":"oid8730-oid8740-oid8750-oid8760-magic-egg","status":"publish","type":"product","link":"https:\/\/www.idealtoys.be\/fr\/produit\/oid8730-oid8740-oid8750-oid8760-magic-egg\/","title":{"rendered":"OID8730 -OID8740 \u2013 OID8750 \u2013 OID8760 \u2013 Oeuf magique"},"content":{"rendered":"<p>Pr\u00e9sentoir avec \u0153uf soluble magique. (12 pi\u00e8ces par pr\u00e9sentoir). Le prix unitaire indiqu\u00e9 est par pr\u00e9sentoir. Cet \u0153uf magique est disponible en 3 variantes :<\/p>\n<ul>\n<li>Oeuf magique : Dino<\/li>\n<li>Oeuf magique : Pingouin<\/li>\n<li>Oeuf magique : Koala<\/li>\n<li>Oeuf magique : Kangourou<\/li>\n<\/ul>","protected":false},"excerpt":{"rendered":"<p>Pr\u00e9sentoir avec \u0153uf soluble Magic. (12 pi\u00e8ces par pr\u00e9sentoir). Le prix unitaire indiqu\u00e9 est par affichage. Cet \u0153uf magique est disponible en 3 variantes : Oeuf magique : Dino Oeuf magique : Pingouin Oeuf magique : Koala Oeuf magique : Kangourou<\/p>","protected":false},"featured_media":1503,"template":"","meta":{"_acf_changed":false},"product_brand":[],"product_cat":[26],"product_tag":[],"class_list":{"0":"post-924","1":"product","2":"type-product","3":"status-publish","4":"has-post-thumbnail","6":"product_cat-indoor","7":"product_shipping_class-6st-per-doos","9":"first","10":"instock","11":"taxable","12":"shipping-taxable","13":"product-type-variable"},"acf":[],"_links":{"self":[{"href":"https:\/\/www.idealtoys.be\/fr\/wp-json\/wp\/v2\/product\/924","targetHints":{"allow":["GET"]}}],"collection":[{"href":"https:\/\/www.idealtoys.be\/fr\/wp-json\/wp\/v2\/product"}],"about":[{"href":"https:\/\/www.idealtoys.be\/fr\/wp-json\/wp\/v2\/types\/product"}],"wp:featuredmedia":[{"embeddable":true,"href":"https:\/\/www.idealtoys.be\/fr\/wp-json\/wp\/v2\/media\/1503"}],"wp:attachment":[{"href":"https:\/\/www.idealtoys.be\/fr\/wp-json\/wp\/v2\/media?parent=924"}],"wp:term":[{"taxonomy":"product_brand","embeddable":true,"href":"https:\/\/www.idealtoys.be\/fr\/wp-json\/wp\/v2\/product_brand?post=924"},{"taxonomy":"product_cat","embeddable":true,"href":"https:\/\/www.idealtoys.be\/fr\/wp-json\/wp\/v2\/product_cat?post=924"},{"taxonomy":"product_tag","embeddable":true,"href":"https:\/\/www.idealtoys.be\/fr\/wp-json\/wp\/v2\/product_tag?post=924"}],"curies":[{"name":"wp","href":"https:\/\/api.w.org\/{rel}","templated":true}]}}