{"id":912,"date":"2022-09-01T16:07:34","date_gmt":"2022-09-01T16:07:34","guid":{"rendered":"https:\/\/new.idealtoys.be\/?post_type=product&#038;p=912"},"modified":"2026-02-04T16:42:36","modified_gmt":"2026-02-04T16:42:36","slug":"oid8410-zesdelige-boot-set","status":"publish","type":"product","link":"https:\/\/www.idealtoys.be\/fr\/produit\/oid8410-zesdelige-boot-set\/","title":{"rendered":"OID8410 - ensemble de bateau de six pi\u00e8ces"},"content":{"rendered":"<p>Ensemble bateau 6 pi\u00e8ces avec pelle, r\u00e2teau, arrosoir et 2 moules<\/p>","protected":false},"excerpt":{"rendered":"<p>Ensemble bateau 6 pi\u00e8ces avec pelle, r\u00e2teau, arrosoir et 2 moules<\/p>","protected":false},"featured_media":1375,"template":"","meta":{"_acf_changed":false},"product_brand":[],"product_cat":[19],"product_tag":[],"class_list":{"0":"post-912","1":"product","2":"type-product","3":"status-publish","4":"has-post-thumbnail","6":"product_cat-strandspeelgoed","7":"product_shipping_class-20st-per-doos","9":"first","10":"instock","11":"taxable","12":"shipping-taxable","13":"product-type-simple"},"acf":[],"_links":{"self":[{"href":"https:\/\/www.idealtoys.be\/fr\/wp-json\/wp\/v2\/product\/912","targetHints":{"allow":["GET"]}}],"collection":[{"href":"https:\/\/www.idealtoys.be\/fr\/wp-json\/wp\/v2\/product"}],"about":[{"href":"https:\/\/www.idealtoys.be\/fr\/wp-json\/wp\/v2\/types\/product"}],"wp:featuredmedia":[{"embeddable":true,"href":"https:\/\/www.idealtoys.be\/fr\/wp-json\/wp\/v2\/media\/1375"}],"wp:attachment":[{"href":"https:\/\/www.idealtoys.be\/fr\/wp-json\/wp\/v2\/media?parent=912"}],"wp:term":[{"taxonomy":"product_brand","embeddable":true,"href":"https:\/\/www.idealtoys.be\/fr\/wp-json\/wp\/v2\/product_brand?post=912"},{"taxonomy":"product_cat","embeddable":true,"href":"https:\/\/www.idealtoys.be\/fr\/wp-json\/wp\/v2\/product_cat?post=912"},{"taxonomy":"product_tag","embeddable":true,"href":"https:\/\/www.idealtoys.be\/fr\/wp-json\/wp\/v2\/product_tag?post=912"}],"curies":[{"name":"wp","href":"https:\/\/api.w.org\/{rel}","templated":true}]}}