{"id":910,"date":"2022-09-01T15:59:14","date_gmt":"2022-09-01T15:59:14","guid":{"rendered":"https:\/\/new.idealtoys.be\/?post_type=product&#038;p=910"},"modified":"2025-05-26T16:59:52","modified_gmt":"2025-05-26T16:59:52","slug":"oid8260-negendelige-eend-set","status":"publish","type":"product","link":"https:\/\/www.idealtoys.be\/fr\/produit\/oid8260-negendelige-eend-set\/","title":{"rendered":"OID8260 \u2013 Ensemble de neuf pi\u00e8ces de canard"},"content":{"rendered":"<p>Ensemble de neuf canards avec seau, 2 cuill\u00e8res, r\u00e2teau, pelle et 2 figurines<\/p>","protected":false},"excerpt":{"rendered":"<p>Ensemble de neuf canards avec seau, 2 cuill\u00e8res, r\u00e2teau, pelle et 2 figurines<\/p>","protected":false},"featured_media":1377,"template":"","meta":{"_acf_changed":false},"product_brand":[],"product_cat":[19],"product_tag":[],"class_list":{"0":"post-910","1":"product","2":"type-product","3":"status-publish","4":"has-post-thumbnail","6":"product_cat-strandspeelgoed","7":"product_shipping_class-42st-per-doos","9":"first","10":"instock","11":"taxable","12":"shipping-taxable","13":"product-type-simple"},"acf":[],"_links":{"self":[{"href":"https:\/\/www.idealtoys.be\/fr\/wp-json\/wp\/v2\/product\/910","targetHints":{"allow":["GET"]}}],"collection":[{"href":"https:\/\/www.idealtoys.be\/fr\/wp-json\/wp\/v2\/product"}],"about":[{"href":"https:\/\/www.idealtoys.be\/fr\/wp-json\/wp\/v2\/types\/product"}],"wp:featuredmedia":[{"embeddable":true,"href":"https:\/\/www.idealtoys.be\/fr\/wp-json\/wp\/v2\/media\/1377"}],"wp:attachment":[{"href":"https:\/\/www.idealtoys.be\/fr\/wp-json\/wp\/v2\/media?parent=910"}],"wp:term":[{"taxonomy":"product_brand","embeddable":true,"href":"https:\/\/www.idealtoys.be\/fr\/wp-json\/wp\/v2\/product_brand?post=910"},{"taxonomy":"product_cat","embeddable":true,"href":"https:\/\/www.idealtoys.be\/fr\/wp-json\/wp\/v2\/product_cat?post=910"},{"taxonomy":"product_tag","embeddable":true,"href":"https:\/\/www.idealtoys.be\/fr\/wp-json\/wp\/v2\/product_tag?post=910"}],"curies":[{"name":"wp","href":"https:\/\/api.w.org\/{rel}","templated":true}]}}