{"id":886,"date":"2022-08-28T20:05:10","date_gmt":"2022-08-28T20:05:10","guid":{"rendered":"https:\/\/new.idealtoys.be\/?post_type=product&#038;p=886"},"modified":"2026-02-04T14:56:27","modified_gmt":"2026-02-04T14:56:27","slug":"zesdelige-emmerset-met-print","status":"publish","type":"product","link":"https:\/\/www.idealtoys.be\/fr\/produit\/zesdelige-emmerset-met-print\/","title":{"rendered":"Ref 612 \u2013 613 Ensemble de seau six pi\u00e8ces avec impression"},"content":{"rendered":"<p>Ensemble de seaux de six pi\u00e8ces comprenant un seau, une pelle, un r\u00e2teau, un tamis et 2 figurines. Cet ensemble de seaux est disponible en 4 variantes\u00a0:<\/p>\n<ul>\n<li>avec imprim\u00e9 b\u00e9b\u00e9 requin<\/li>\n<li>avec carte Frozen<\/li>\n<li>avec carte Spiderman<\/li>\n<li>avec impression Paw Patrol<\/li>\n<li><\/li>\n<\/ul>","protected":false},"excerpt":{"rendered":"<p>Ensemble de seaux de six pi\u00e8ces comprenant un seau, une pelle, un r\u00e2teau, un tamis et 2 figurines. Cet ensemble de seaux est disponible en 4 variantes : avec imprim\u00e9 Babyshark avec imprim\u00e9 Frozen avec imprim\u00e9 Spiderman avec imprim\u00e9 Paw Patrol<\/p>","protected":false},"featured_media":1482,"template":"","meta":{"_acf_changed":false},"product_brand":[],"product_cat":[23],"product_tag":[],"class_list":{"0":"post-886","1":"product","2":"type-product","3":"status-publish","4":"has-post-thumbnail","6":"product_cat-strandemmers","7":"product_shipping_class-12st-per-doos","9":"first","10":"instock","11":"taxable","12":"shipping-taxable","13":"product-type-variable"},"acf":[],"_links":{"self":[{"href":"https:\/\/www.idealtoys.be\/fr\/wp-json\/wp\/v2\/product\/886","targetHints":{"allow":["GET"]}}],"collection":[{"href":"https:\/\/www.idealtoys.be\/fr\/wp-json\/wp\/v2\/product"}],"about":[{"href":"https:\/\/www.idealtoys.be\/fr\/wp-json\/wp\/v2\/types\/product"}],"wp:featuredmedia":[{"embeddable":true,"href":"https:\/\/www.idealtoys.be\/fr\/wp-json\/wp\/v2\/media\/1482"}],"wp:attachment":[{"href":"https:\/\/www.idealtoys.be\/fr\/wp-json\/wp\/v2\/media?parent=886"}],"wp:term":[{"taxonomy":"product_brand","embeddable":true,"href":"https:\/\/www.idealtoys.be\/fr\/wp-json\/wp\/v2\/product_brand?post=886"},{"taxonomy":"product_cat","embeddable":true,"href":"https:\/\/www.idealtoys.be\/fr\/wp-json\/wp\/v2\/product_cat?post=886"},{"taxonomy":"product_tag","embeddable":true,"href":"https:\/\/www.idealtoys.be\/fr\/wp-json\/wp\/v2\/product_tag?post=886"}],"curies":[{"name":"wp","href":"https:\/\/api.w.org\/{rel}","templated":true}]}}