{"id":884,"date":"2022-08-28T19:59:53","date_gmt":"2022-08-28T19:59:53","guid":{"rendered":"https:\/\/new.idealtoys.be\/?post_type=product&#038;p=884"},"modified":"2025-05-26T16:52:33","modified_gmt":"2025-05-26T16:52:33","slug":"lege-emmer-babyshark","status":"publish","type":"product","link":"https:\/\/www.idealtoys.be\/fr\/produit\/lege-emmer-babyshark\/","title":{"rendered":"Godet Ref 614 \u2013 B\u00e9b\u00e9 requin"},"content":{"rendered":"<p>Seau avec imprim\u00e9 b\u00e9b\u00e9 requin<\/p>","protected":false},"excerpt":{"rendered":"<p>Seau avec imprim\u00e9 b\u00e9b\u00e9 requin<\/p>","protected":false},"featured_media":1484,"template":"","meta":{"_acf_changed":false},"product_brand":[],"product_cat":[23],"product_tag":[],"class_list":{"0":"post-884","1":"product","2":"type-product","3":"status-publish","4":"has-post-thumbnail","6":"product_cat-strandemmers","7":"product_shipping_class-81st-per-doos","9":"first","10":"instock","11":"taxable","12":"shipping-taxable","13":"product-type-simple"},"acf":[],"_links":{"self":[{"href":"https:\/\/www.idealtoys.be\/fr\/wp-json\/wp\/v2\/product\/884","targetHints":{"allow":["GET"]}}],"collection":[{"href":"https:\/\/www.idealtoys.be\/fr\/wp-json\/wp\/v2\/product"}],"about":[{"href":"https:\/\/www.idealtoys.be\/fr\/wp-json\/wp\/v2\/types\/product"}],"wp:featuredmedia":[{"embeddable":true,"href":"https:\/\/www.idealtoys.be\/fr\/wp-json\/wp\/v2\/media\/1484"}],"wp:attachment":[{"href":"https:\/\/www.idealtoys.be\/fr\/wp-json\/wp\/v2\/media?parent=884"}],"wp:term":[{"taxonomy":"product_brand","embeddable":true,"href":"https:\/\/www.idealtoys.be\/fr\/wp-json\/wp\/v2\/product_brand?post=884"},{"taxonomy":"product_cat","embeddable":true,"href":"https:\/\/www.idealtoys.be\/fr\/wp-json\/wp\/v2\/product_cat?post=884"},{"taxonomy":"product_tag","embeddable":true,"href":"https:\/\/www.idealtoys.be\/fr\/wp-json\/wp\/v2\/product_tag?post=884"}],"curies":[{"name":"wp","href":"https:\/\/api.w.org\/{rel}","templated":true}]}}