{"id":877,"date":"2022-08-28T19:38:00","date_gmt":"2022-08-28T19:38:00","guid":{"rendered":"https:\/\/new.idealtoys.be\/?post_type=product&#038;p=877"},"modified":"2025-05-26T16:53:40","modified_gmt":"2025-05-26T16:53:40","slug":"wb-1803-zesdelige-emmerset-justice-league","status":"publish","type":"product","link":"https:\/\/www.idealtoys.be\/fr\/produit\/wb-1803-zesdelige-emmerset-justice-league\/","title":{"rendered":"Ref 606 WB-1803 - Set Seau Six Pi\u00e8ces - Justice League"},"content":{"rendered":"<p>Ensemble de seau de six pi\u00e8ces avec impression de Justice League sur le seau avec tamis, pelle, r\u00e2teau et 2 figurines.<\/p>","protected":false},"excerpt":{"rendered":"<p>Ensemble de seau de six pi\u00e8ces avec impression de Justice League sur le seau avec tamis, pelle, r\u00e2teau et 2 figurines.<\/p>","protected":false},"featured_media":1393,"template":"","meta":{"_acf_changed":false},"product_brand":[],"product_cat":[23],"product_tag":[],"class_list":{"0":"post-877","1":"product","2":"type-product","3":"status-publish","4":"has-post-thumbnail","6":"product_cat-strandemmers","7":"product_shipping_class-26st-per-doos","9":"first","10":"instock","11":"taxable","12":"shipping-taxable","13":"product-type-simple"},"acf":[],"_links":{"self":[{"href":"https:\/\/www.idealtoys.be\/fr\/wp-json\/wp\/v2\/product\/877","targetHints":{"allow":["GET"]}}],"collection":[{"href":"https:\/\/www.idealtoys.be\/fr\/wp-json\/wp\/v2\/product"}],"about":[{"href":"https:\/\/www.idealtoys.be\/fr\/wp-json\/wp\/v2\/types\/product"}],"wp:featuredmedia":[{"embeddable":true,"href":"https:\/\/www.idealtoys.be\/fr\/wp-json\/wp\/v2\/media\/1393"}],"wp:attachment":[{"href":"https:\/\/www.idealtoys.be\/fr\/wp-json\/wp\/v2\/media?parent=877"}],"wp:term":[{"taxonomy":"product_brand","embeddable":true,"href":"https:\/\/www.idealtoys.be\/fr\/wp-json\/wp\/v2\/product_brand?post=877"},{"taxonomy":"product_cat","embeddable":true,"href":"https:\/\/www.idealtoys.be\/fr\/wp-json\/wp\/v2\/product_cat?post=877"},{"taxonomy":"product_tag","embeddable":true,"href":"https:\/\/www.idealtoys.be\/fr\/wp-json\/wp\/v2\/product_tag?post=877"}],"curies":[{"name":"wp","href":"https:\/\/api.w.org\/{rel}","templated":true}]}}