{"id":871,"date":"2022-08-28T17:40:02","date_gmt":"2022-08-28T17:40:02","guid":{"rendered":"https:\/\/new.idealtoys.be\/?post_type=product&#038;p=871"},"modified":"2026-02-05T08:55:37","modified_gmt":"2026-02-05T08:55:37","slug":"oid8310-bal-met-motief","status":"publish","type":"product","link":"https:\/\/www.idealtoys.be\/fr\/produit\/oid8310-bal-met-motief\/","title":{"rendered":"OID8310 \u2013 Balle \u00e0 motifs"},"content":{"rendered":"<p>Balle avec diff\u00e9rents motifs (pieuvre, \u00e9toile de mer, phoque, baleine) en 4 couleurs (rose, jaune, bleu, violet) emball\u00e9es m\u00e9lang\u00e9es<\/p>","protected":false},"excerpt":{"rendered":"<p>Balle avec diff\u00e9rents motifs (pieuvre, \u00e9toile de mer, phoque, baleine) en 4 couleurs (rose, jaune, bleu, violet) emball\u00e9es m\u00e9lang\u00e9es<\/p>","protected":false},"featured_media":1360,"template":"","meta":{"_acf_changed":false},"product_brand":[],"product_cat":[21],"product_tag":[],"class_list":{"0":"post-871","1":"product","2":"type-product","3":"status-publish","4":"has-post-thumbnail","6":"product_cat-ballen","7":"product_shipping_class-100st-per-doos","9":"first","10":"instock","11":"taxable","12":"shipping-taxable","13":"product-type-simple"},"acf":[],"_links":{"self":[{"href":"https:\/\/www.idealtoys.be\/fr\/wp-json\/wp\/v2\/product\/871","targetHints":{"allow":["GET"]}}],"collection":[{"href":"https:\/\/www.idealtoys.be\/fr\/wp-json\/wp\/v2\/product"}],"about":[{"href":"https:\/\/www.idealtoys.be\/fr\/wp-json\/wp\/v2\/types\/product"}],"wp:featuredmedia":[{"embeddable":true,"href":"https:\/\/www.idealtoys.be\/fr\/wp-json\/wp\/v2\/media\/1360"}],"wp:attachment":[{"href":"https:\/\/www.idealtoys.be\/fr\/wp-json\/wp\/v2\/media?parent=871"}],"wp:term":[{"taxonomy":"product_brand","embeddable":true,"href":"https:\/\/www.idealtoys.be\/fr\/wp-json\/wp\/v2\/product_brand?post=871"},{"taxonomy":"product_cat","embeddable":true,"href":"https:\/\/www.idealtoys.be\/fr\/wp-json\/wp\/v2\/product_cat?post=871"},{"taxonomy":"product_tag","embeddable":true,"href":"https:\/\/www.idealtoys.be\/fr\/wp-json\/wp\/v2\/product_tag?post=871"}],"curies":[{"name":"wp","href":"https:\/\/api.w.org\/{rel}","templated":true}]}}