{"id":868,"date":"2022-08-23T16:25:28","date_gmt":"2022-08-23T16:25:28","guid":{"rendered":"https:\/\/new.idealtoys.be\/?post_type=product&#038;p=868"},"modified":"2026-02-04T14:33:26","modified_gmt":"2026-02-04T14:33:26","slug":"oid8560-zevendelige-emmerset-schildpad","status":"publish","type":"product","link":"https:\/\/www.idealtoys.be\/fr\/produit\/oid8560-zevendelige-emmerset-schildpad\/","title":{"rendered":"OID8560 \u2013 Ensemble de seaux \u00e0 tortues en sept pi\u00e8ces"},"content":{"rendered":"<p>Seau de sept pi\u00e8ces en forme de tortue, avec pelle, r\u00e2teau, arrosoir 2 figurines et tamis<\/p>","protected":false},"excerpt":{"rendered":"<p>Seau de sept pi\u00e8ces en forme de tortue, avec pelle, r\u00e2teau, arrosoir 2 figurines et tamis<\/p>","protected":false},"featured_media":1400,"template":"","meta":{"_acf_changed":false},"product_brand":[],"product_cat":[23],"product_tag":[],"class_list":{"0":"post-868","1":"product","2":"type-product","3":"status-publish","4":"has-post-thumbnail","6":"product_cat-strandemmers","7":"product_shipping_class-18st-per-doos","9":"first","10":"instock","11":"taxable","12":"shipping-taxable","13":"product-type-simple"},"acf":[],"_links":{"self":[{"href":"https:\/\/www.idealtoys.be\/fr\/wp-json\/wp\/v2\/product\/868","targetHints":{"allow":["GET"]}}],"collection":[{"href":"https:\/\/www.idealtoys.be\/fr\/wp-json\/wp\/v2\/product"}],"about":[{"href":"https:\/\/www.idealtoys.be\/fr\/wp-json\/wp\/v2\/types\/product"}],"wp:featuredmedia":[{"embeddable":true,"href":"https:\/\/www.idealtoys.be\/fr\/wp-json\/wp\/v2\/media\/1400"}],"wp:attachment":[{"href":"https:\/\/www.idealtoys.be\/fr\/wp-json\/wp\/v2\/media?parent=868"}],"wp:term":[{"taxonomy":"product_brand","embeddable":true,"href":"https:\/\/www.idealtoys.be\/fr\/wp-json\/wp\/v2\/product_brand?post=868"},{"taxonomy":"product_cat","embeddable":true,"href":"https:\/\/www.idealtoys.be\/fr\/wp-json\/wp\/v2\/product_cat?post=868"},{"taxonomy":"product_tag","embeddable":true,"href":"https:\/\/www.idealtoys.be\/fr\/wp-json\/wp\/v2\/product_tag?post=868"}],"curies":[{"name":"wp","href":"https:\/\/api.w.org\/{rel}","templated":true}]}}