{"id":867,"date":"2022-08-23T16:21:18","date_gmt":"2022-08-23T16:21:18","guid":{"rendered":"https:\/\/new.idealtoys.be\/?post_type=product&#038;p=867"},"modified":"2026-02-04T12:03:28","modified_gmt":"2026-02-04T12:03:28","slug":"oid8550-zesdelige-emmerset-transparant","status":"publish","type":"product","link":"https:\/\/www.idealtoys.be\/fr\/produit\/oid8550-zesdelige-emmerset-transparant\/","title":{"rendered":"OID8550 \u2013 Ensemble de seau de six pi\u00e8ces transparent"},"content":{"rendered":"<p>Ensemble de seau de six pi\u00e8ces (transparent) avec pelle, r\u00e2teau, arrosoir et 2 figurines<\/p>","protected":false},"excerpt":{"rendered":"<p>Ensemble de seau de six pi\u00e8ces (transparent) avec pelle, r\u00e2teau, arrosoir et 2 figurines<\/p>","protected":false},"featured_media":1401,"template":"","meta":{"_acf_changed":false},"product_brand":[],"product_cat":[23],"product_tag":[],"class_list":{"0":"post-867","1":"product","2":"type-product","3":"status-publish","4":"has-post-thumbnail","6":"product_cat-strandemmers","7":"product_shipping_class-24st-per-doos","9":"first","10":"instock","11":"taxable","12":"shipping-taxable","13":"product-type-simple"},"acf":[],"_links":{"self":[{"href":"https:\/\/www.idealtoys.be\/fr\/wp-json\/wp\/v2\/product\/867","targetHints":{"allow":["GET"]}}],"collection":[{"href":"https:\/\/www.idealtoys.be\/fr\/wp-json\/wp\/v2\/product"}],"about":[{"href":"https:\/\/www.idealtoys.be\/fr\/wp-json\/wp\/v2\/types\/product"}],"wp:featuredmedia":[{"embeddable":true,"href":"https:\/\/www.idealtoys.be\/fr\/wp-json\/wp\/v2\/media\/1401"}],"wp:attachment":[{"href":"https:\/\/www.idealtoys.be\/fr\/wp-json\/wp\/v2\/media?parent=867"}],"wp:term":[{"taxonomy":"product_brand","embeddable":true,"href":"https:\/\/www.idealtoys.be\/fr\/wp-json\/wp\/v2\/product_brand?post=867"},{"taxonomy":"product_cat","embeddable":true,"href":"https:\/\/www.idealtoys.be\/fr\/wp-json\/wp\/v2\/product_cat?post=867"},{"taxonomy":"product_tag","embeddable":true,"href":"https:\/\/www.idealtoys.be\/fr\/wp-json\/wp\/v2\/product_tag?post=867"}],"curies":[{"name":"wp","href":"https:\/\/api.w.org\/{rel}","templated":true}]}}