{"id":846,"date":"2022-08-18T17:22:12","date_gmt":"2022-08-18T17:22:12","guid":{"rendered":"https:\/\/new.idealtoys.be\/?post_type=product&#038;p=846"},"modified":"2024-03-25T18:12:32","modified_gmt":"2024-03-25T18:12:32","slug":"art-96-tales","status":"publish","type":"product","link":"https:\/\/www.idealtoys.be\/fr\/produit\/art-96-tales\/","title":{"rendered":"R\u00e9f 112 \u2013 Art 96 Contes"},"content":{"rendered":"<p>Moulins \u00e0 vent en plastique avec un b\u00e2ton en plastique. Ces moulins \u00e0 vent sont disponibles en multicolore<\/p>","protected":false},"excerpt":{"rendered":"<p>Moulins \u00e0 vent en plastique avec un b\u00e2ton en plastique. Ces moulins \u00e0 vent sont disponibles en multicolore<\/p>","protected":false},"featured_media":1478,"template":"","meta":{"_acf_changed":false},"product_brand":[],"product_cat":[20],"product_tag":[],"class_list":{"0":"post-846","1":"product","2":"type-product","3":"status-publish","4":"has-post-thumbnail","6":"product_cat-windmolens","7":"product_shipping_class-48st-per-doos","9":"first","10":"instock","11":"taxable","12":"shipping-taxable","13":"product-type-simple"},"acf":[],"_links":{"self":[{"href":"https:\/\/www.idealtoys.be\/fr\/wp-json\/wp\/v2\/product\/846","targetHints":{"allow":["GET"]}}],"collection":[{"href":"https:\/\/www.idealtoys.be\/fr\/wp-json\/wp\/v2\/product"}],"about":[{"href":"https:\/\/www.idealtoys.be\/fr\/wp-json\/wp\/v2\/types\/product"}],"wp:featuredmedia":[{"embeddable":true,"href":"https:\/\/www.idealtoys.be\/fr\/wp-json\/wp\/v2\/media\/1478"}],"wp:attachment":[{"href":"https:\/\/www.idealtoys.be\/fr\/wp-json\/wp\/v2\/media?parent=846"}],"wp:term":[{"taxonomy":"product_brand","embeddable":true,"href":"https:\/\/www.idealtoys.be\/fr\/wp-json\/wp\/v2\/product_brand?post=846"},{"taxonomy":"product_cat","embeddable":true,"href":"https:\/\/www.idealtoys.be\/fr\/wp-json\/wp\/v2\/product_cat?post=846"},{"taxonomy":"product_tag","embeddable":true,"href":"https:\/\/www.idealtoys.be\/fr\/wp-json\/wp\/v2\/product_tag?post=846"}],"curies":[{"name":"wp","href":"https:\/\/api.w.org\/{rel}","templated":true}]}}