{"id":842,"date":"2022-08-18T17:06:22","date_gmt":"2022-08-18T17:06:22","guid":{"rendered":"https:\/\/new.idealtoys.be\/?post_type=product&#038;p=842"},"modified":"2026-02-04T15:20:10","modified_gmt":"2026-02-04T15:20:10","slug":"art-89","status":"publish","type":"product","link":"https:\/\/www.idealtoys.be\/fr\/produit\/art-89\/","title":{"rendered":"R\u00e9f art 89"},"content":{"rendered":"<p>Moulins \u00e0 vent en plastique avec un b\u00e2ton en bois de 59 cm de longueur. Ces \u00e9oliennes sont disponibles en Rouge, Bleu, Jaune, Vert, Violet, Orange (emballage mixte)<\/p>","protected":false},"excerpt":{"rendered":"<p>Moulins \u00e0 vent en plastique avec un b\u00e2ton en bois de 59 cm de longueur. Ces \u00e9oliennes sont disponibles en Rouge, Bleu, Jaune, Vert, Violet, Orange (emballage mixte)<\/p>","protected":false},"featured_media":1258,"template":"","meta":{"_acf_changed":false},"product_brand":[],"product_cat":[20],"product_tag":[],"class_list":{"0":"post-842","1":"product","2":"type-product","3":"status-publish","4":"has-post-thumbnail","6":"product_cat-windmolens","7":"product_shipping_class-36st-per-doos","9":"first","10":"instock","11":"taxable","12":"shipping-taxable","13":"product-type-simple"},"acf":[],"_links":{"self":[{"href":"https:\/\/www.idealtoys.be\/fr\/wp-json\/wp\/v2\/product\/842","targetHints":{"allow":["GET"]}}],"collection":[{"href":"https:\/\/www.idealtoys.be\/fr\/wp-json\/wp\/v2\/product"}],"about":[{"href":"https:\/\/www.idealtoys.be\/fr\/wp-json\/wp\/v2\/types\/product"}],"wp:featuredmedia":[{"embeddable":true,"href":"https:\/\/www.idealtoys.be\/fr\/wp-json\/wp\/v2\/media\/1258"}],"wp:attachment":[{"href":"https:\/\/www.idealtoys.be\/fr\/wp-json\/wp\/v2\/media?parent=842"}],"wp:term":[{"taxonomy":"product_brand","embeddable":true,"href":"https:\/\/www.idealtoys.be\/fr\/wp-json\/wp\/v2\/product_brand?post=842"},{"taxonomy":"product_cat","embeddable":true,"href":"https:\/\/www.idealtoys.be\/fr\/wp-json\/wp\/v2\/product_cat?post=842"},{"taxonomy":"product_tag","embeddable":true,"href":"https:\/\/www.idealtoys.be\/fr\/wp-json\/wp\/v2\/product_tag?post=842"}],"curies":[{"name":"wp","href":"https:\/\/api.w.org\/{rel}","templated":true}]}}