{"id":840,"date":"2022-08-18T17:00:49","date_gmt":"2022-08-18T17:00:49","guid":{"rendered":"https:\/\/new.idealtoys.be\/?post_type=product&#038;p=840"},"modified":"2026-02-04T15:20:27","modified_gmt":"2026-02-04T15:20:27","slug":"art-38-harleq","status":"publish","type":"product","link":"https:\/\/www.idealtoys.be\/fr\/produit\/art-38-harleq\/","title":{"rendered":"R\u00e9f Art 38 Harleq"},"content":{"rendered":"<p>Moulins \u00e0 vent en plastique avec un b\u00e2ton en plastique de 41 cm de long. Ces moulins \u00e0 vent sont disponibles en multicolore<\/p>","protected":false},"excerpt":{"rendered":"<p>Moulins \u00e0 vent en plastique avec un b\u00e2ton en plastique de 41 cm de long. Ces moulins \u00e0 vent sont disponibles en multicolore<\/p>","protected":false},"featured_media":1225,"template":"","meta":{"_acf_changed":false},"product_brand":[],"product_cat":[20],"product_tag":[],"class_list":{"0":"post-840","1":"product","2":"type-product","3":"status-publish","4":"has-post-thumbnail","6":"product_cat-windmolens","7":"product_shipping_class-48st-per-doos","9":"first","10":"instock","11":"taxable","12":"shipping-taxable","13":"product-type-simple"},"acf":[],"_links":{"self":[{"href":"https:\/\/www.idealtoys.be\/fr\/wp-json\/wp\/v2\/product\/840","targetHints":{"allow":["GET"]}}],"collection":[{"href":"https:\/\/www.idealtoys.be\/fr\/wp-json\/wp\/v2\/product"}],"about":[{"href":"https:\/\/www.idealtoys.be\/fr\/wp-json\/wp\/v2\/types\/product"}],"wp:featuredmedia":[{"embeddable":true,"href":"https:\/\/www.idealtoys.be\/fr\/wp-json\/wp\/v2\/media\/1225"}],"wp:attachment":[{"href":"https:\/\/www.idealtoys.be\/fr\/wp-json\/wp\/v2\/media?parent=840"}],"wp:term":[{"taxonomy":"product_brand","embeddable":true,"href":"https:\/\/www.idealtoys.be\/fr\/wp-json\/wp\/v2\/product_brand?post=840"},{"taxonomy":"product_cat","embeddable":true,"href":"https:\/\/www.idealtoys.be\/fr\/wp-json\/wp\/v2\/product_cat?post=840"},{"taxonomy":"product_tag","embeddable":true,"href":"https:\/\/www.idealtoys.be\/fr\/wp-json\/wp\/v2\/product_tag?post=840"}],"curies":[{"name":"wp","href":"https:\/\/api.w.org\/{rel}","templated":true}]}}