{"id":834,"date":"2022-08-18T16:53:38","date_gmt":"2022-08-18T16:53:38","guid":{"rendered":"https:\/\/new.idealtoys.be\/?post_type=product&#038;p=834"},"modified":"2026-02-04T16:15:26","modified_gmt":"2026-02-04T16:15:26","slug":"art55-pp-e","status":"publish","type":"product","link":"https:\/\/www.idealtoys.be\/fr\/produit\/art55-pp-e\/","title":{"rendered":"R\u00e9f Art51 PP-E"},"content":{"rendered":"<p>Moulins \u00e0 vent en plastique avec un b\u00e2ton en bois de 76 cm de longueur. Ces \u00e9oliennes sont disponibles en 2 variantes :<\/p>\n<ul>\n<li>Multicolore<\/li>\n<li>Blanc<\/li>\n<\/ul>","protected":false},"excerpt":{"rendered":"<p>Moulins \u00e0 vent en plastique avec un m\u00e2t en bois de 76 cm. Disponibles en deux versions\u00a0: multicolore et blanc.<\/p>","protected":false},"featured_media":1249,"template":"","meta":{"_acf_changed":false},"product_brand":[],"product_cat":[20],"product_tag":[],"class_list":{"0":"post-834","1":"product","2":"type-product","3":"status-publish","4":"has-post-thumbnail","6":"product_cat-windmolens","7":"product_shipping_class-30st-per-doos","9":"first","10":"instock","11":"taxable","12":"shipping-taxable","13":"product-type-variable"},"acf":[],"_links":{"self":[{"href":"https:\/\/www.idealtoys.be\/fr\/wp-json\/wp\/v2\/product\/834","targetHints":{"allow":["GET"]}}],"collection":[{"href":"https:\/\/www.idealtoys.be\/fr\/wp-json\/wp\/v2\/product"}],"about":[{"href":"https:\/\/www.idealtoys.be\/fr\/wp-json\/wp\/v2\/types\/product"}],"wp:featuredmedia":[{"embeddable":true,"href":"https:\/\/www.idealtoys.be\/fr\/wp-json\/wp\/v2\/media\/1249"}],"wp:attachment":[{"href":"https:\/\/www.idealtoys.be\/fr\/wp-json\/wp\/v2\/media?parent=834"}],"wp:term":[{"taxonomy":"product_brand","embeddable":true,"href":"https:\/\/www.idealtoys.be\/fr\/wp-json\/wp\/v2\/product_brand?post=834"},{"taxonomy":"product_cat","embeddable":true,"href":"https:\/\/www.idealtoys.be\/fr\/wp-json\/wp\/v2\/product_cat?post=834"},{"taxonomy":"product_tag","embeddable":true,"href":"https:\/\/www.idealtoys.be\/fr\/wp-json\/wp\/v2\/product_tag?post=834"}],"curies":[{"name":"wp","href":"https:\/\/api.w.org\/{rel}","templated":true}]}}