{"id":830,"date":"2022-08-18T16:38:44","date_gmt":"2022-08-18T16:38:44","guid":{"rendered":"https:\/\/new.idealtoys.be\/?post_type=product&#038;p=830"},"modified":"2026-02-04T16:18:03","modified_gmt":"2026-02-04T16:18:03","slug":"art-46","status":"publish","type":"product","link":"https:\/\/www.idealtoys.be\/fr\/produit\/art-46\/","title":{"rendered":"R\u00e9f Art 46"},"content":{"rendered":"<p>Moulins \u00e0 vent en plastique avec un b\u00e2ton en bois de 76 cm de longueur. Ces \u00e9oliennes sont disponibles en multicolore \u00e0 pois blancs<\/p>","protected":false},"excerpt":{"rendered":"<p>Moulins \u00e0 vent en plastique avec un b\u00e2ton en bois de 76 cm de longueur. Ces \u00e9oliennes sont disponibles en multicolore \u00e0 pois blancs<\/p>","protected":false},"featured_media":1233,"template":"","meta":{"_acf_changed":false},"product_brand":[],"product_cat":[20],"product_tag":[],"class_list":{"0":"post-830","1":"product","2":"type-product","3":"status-publish","4":"has-post-thumbnail","6":"product_cat-windmolens","7":"product_shipping_class-30st-per-doos","9":"first","10":"instock","11":"taxable","12":"shipping-taxable","13":"product-type-simple"},"acf":[],"_links":{"self":[{"href":"https:\/\/www.idealtoys.be\/fr\/wp-json\/wp\/v2\/product\/830","targetHints":{"allow":["GET"]}}],"collection":[{"href":"https:\/\/www.idealtoys.be\/fr\/wp-json\/wp\/v2\/product"}],"about":[{"href":"https:\/\/www.idealtoys.be\/fr\/wp-json\/wp\/v2\/types\/product"}],"wp:featuredmedia":[{"embeddable":true,"href":"https:\/\/www.idealtoys.be\/fr\/wp-json\/wp\/v2\/media\/1233"}],"wp:attachment":[{"href":"https:\/\/www.idealtoys.be\/fr\/wp-json\/wp\/v2\/media?parent=830"}],"wp:term":[{"taxonomy":"product_brand","embeddable":true,"href":"https:\/\/www.idealtoys.be\/fr\/wp-json\/wp\/v2\/product_brand?post=830"},{"taxonomy":"product_cat","embeddable":true,"href":"https:\/\/www.idealtoys.be\/fr\/wp-json\/wp\/v2\/product_cat?post=830"},{"taxonomy":"product_tag","embeddable":true,"href":"https:\/\/www.idealtoys.be\/fr\/wp-json\/wp\/v2\/product_tag?post=830"}],"curies":[{"name":"wp","href":"https:\/\/api.w.org\/{rel}","templated":true}]}}