{"id":818,"date":"2022-08-16T18:44:22","date_gmt":"2022-08-16T18:44:22","guid":{"rendered":"https:\/\/new.idealtoys.be\/?post_type=product&#038;p=818"},"modified":"2026-02-04T16:31:20","modified_gmt":"2026-02-04T16:31:20","slug":"art-38-07","status":"publish","type":"product","link":"https:\/\/www.idealtoys.be\/fr\/produit\/art-38-07\/","title":{"rendered":"R\u00e9f Art 38-07"},"content":{"rendered":"<p>Moulins \u00e0 vent en plastique avec un b\u00e2ton en plastique de 41 cm de long. Ces \u00e9oliennes sont en vert, violet, bleu (emballage mixte)<\/p>","protected":false},"excerpt":{"rendered":"<p>Moulins \u00e0 vent en plastique avec un b\u00e2ton en plastique de 41 cm de long. Ces \u00e9oliennes sont en vert, violet, bleu (emballage mixte)<\/p>","protected":false},"featured_media":1481,"template":"","meta":{"_acf_changed":false},"product_brand":[],"product_cat":[20],"product_tag":[],"class_list":{"0":"post-818","1":"product","2":"type-product","3":"status-publish","4":"has-post-thumbnail","6":"product_cat-windmolens","7":"product_shipping_class-400st-per-doos","9":"first","10":"instock","11":"taxable","12":"shipping-taxable","13":"product-type-simple"},"acf":[],"_links":{"self":[{"href":"https:\/\/www.idealtoys.be\/fr\/wp-json\/wp\/v2\/product\/818","targetHints":{"allow":["GET"]}}],"collection":[{"href":"https:\/\/www.idealtoys.be\/fr\/wp-json\/wp\/v2\/product"}],"about":[{"href":"https:\/\/www.idealtoys.be\/fr\/wp-json\/wp\/v2\/types\/product"}],"wp:featuredmedia":[{"embeddable":true,"href":"https:\/\/www.idealtoys.be\/fr\/wp-json\/wp\/v2\/media\/1481"}],"wp:attachment":[{"href":"https:\/\/www.idealtoys.be\/fr\/wp-json\/wp\/v2\/media?parent=818"}],"wp:term":[{"taxonomy":"product_brand","embeddable":true,"href":"https:\/\/www.idealtoys.be\/fr\/wp-json\/wp\/v2\/product_brand?post=818"},{"taxonomy":"product_cat","embeddable":true,"href":"https:\/\/www.idealtoys.be\/fr\/wp-json\/wp\/v2\/product_cat?post=818"},{"taxonomy":"product_tag","embeddable":true,"href":"https:\/\/www.idealtoys.be\/fr\/wp-json\/wp\/v2\/product_tag?post=818"}],"curies":[{"name":"wp","href":"https:\/\/api.w.org\/{rel}","templated":true}]}}