{"id":767,"date":"2022-08-09T15:01:20","date_gmt":"2022-08-09T15:01:20","guid":{"rendered":"https:\/\/new.idealtoys.be\/?post_type=product&#038;p=767"},"modified":"2024-03-25T18:18:28","modified_gmt":"2024-03-25T18:18:28","slug":"oid110-recht","status":"publish","type":"product","link":"https:\/\/www.idealtoys.be\/fr\/produit\/oid110-recht\/","title":{"rendered":"OID110 \u2013 droit"},"content":{"rendered":"<p>Pelles en m\u00e9tal \u00e0 lame droite et manche en bois de 110 cm de longueur. Ces pelles sont disponibles en rouge et bleu (emball\u00e9es par 6 pi\u00e8ces : 3 rouges et 3 bleues)<\/p>\n<div id=\"ConnectiveDocSignExtentionInstalled\" data-extension-version=\"1.0.4\"><\/div>","protected":false},"excerpt":{"rendered":"<p>&nbsp;<\/p>\n<div id=\"ConnectiveDocSignExtentionInstalled\" data-extension-version=\"1.0.4\"><\/div>","protected":false},"featured_media":1263,"template":"","meta":{"_acf_changed":false},"product_brand":[],"product_cat":[28,16],"product_tag":[],"class_list":{"0":"post-767","1":"product","2":"type-product","3":"status-publish","4":"has-post-thumbnail","6":"product_cat-metaal","7":"product_cat-strandschopjes","8":"product_shipping_class-24st-per-doos","10":"first","11":"instock","12":"taxable","13":"shipping-taxable","14":"product-type-simple"},"acf":[],"_links":{"self":[{"href":"https:\/\/www.idealtoys.be\/fr\/wp-json\/wp\/v2\/product\/767","targetHints":{"allow":["GET"]}}],"collection":[{"href":"https:\/\/www.idealtoys.be\/fr\/wp-json\/wp\/v2\/product"}],"about":[{"href":"https:\/\/www.idealtoys.be\/fr\/wp-json\/wp\/v2\/types\/product"}],"wp:featuredmedia":[{"embeddable":true,"href":"https:\/\/www.idealtoys.be\/fr\/wp-json\/wp\/v2\/media\/1263"}],"wp:attachment":[{"href":"https:\/\/www.idealtoys.be\/fr\/wp-json\/wp\/v2\/media?parent=767"}],"wp:term":[{"taxonomy":"product_brand","embeddable":true,"href":"https:\/\/www.idealtoys.be\/fr\/wp-json\/wp\/v2\/product_brand?post=767"},{"taxonomy":"product_cat","embeddable":true,"href":"https:\/\/www.idealtoys.be\/fr\/wp-json\/wp\/v2\/product_cat?post=767"},{"taxonomy":"product_tag","embeddable":true,"href":"https:\/\/www.idealtoys.be\/fr\/wp-json\/wp\/v2\/product_tag?post=767"}],"curies":[{"name":"wp","href":"https:\/\/api.w.org\/{rel}","templated":true}]}}