{"id":1837,"date":"2024-01-25T13:31:42","date_gmt":"2024-01-25T13:31:42","guid":{"rendered":"https:\/\/www.idealtoys.be\/?post_type=product&#038;p=1837"},"modified":"2026-02-04T14:18:44","modified_gmt":"2026-02-04T14:18:44","slug":"ref-627-zevendelige-emmerset-met-zandmolen-40-cm-3-designs-gemengd","status":"publish","type":"product","link":"https:\/\/www.idealtoys.be\/fr\/produit\/ref-627-zevendelige-emmerset-met-zandmolen-40-cm-3-designs-gemengd\/","title":{"rendered":"Ref. 630 \u2013 Ensemble de sept seaux \u2013 40 cm \u2013 3 mod\u00e8les assortis"},"content":{"rendered":"<section class=\"l-section wpb_row height_medium\"><div class=\"l-section-h i-cf\"><div class=\"g-cols vc_row via_grid cols_1 laptops-cols_inherit tablets-cols_inherit mobiles-cols_1 valign_top type_default stacking_default\"><div class=\"wpb_column vc_column_container\"><div class=\"vc_column-inner\"><div class=\"wpb_text_column\"><div class=\"wpb_wrapper\"><p>Ensemble de sept pi\u00e8ces comprenant un seau, une pelle, un r\u00e2teau, deux figurines, un tamis et un moulin \u00e0 sable en forme de bateau ou d&#039;arrosoir.<\/p>\n<p>Dimensions : 22,5 x 21 x 40 cm<\/p>\n<p>3 mod\u00e8les m\u00e9lang\u00e9s<\/p>\n<p>&nbsp;<\/p>\n<p>&nbsp;<\/p>\n<\/div><\/div><\/div><\/div><\/div><\/div><\/section>","protected":false},"excerpt":{"rendered":"Zevendelige emmerset met schopje, hark, 2 figuren, zeef en zandmolen boot of gieter size : 22.5 x 21 x 40 cm 3 Designs gemengd &nbsp; &nbsp;","protected":false},"featured_media":1981,"template":"","meta":{"_acf_changed":false},"product_brand":[],"product_cat":[23],"product_tag":[],"class_list":{"0":"post-1837","1":"product","2":"type-product","3":"status-publish","4":"has-post-thumbnail","6":"product_cat-strandemmers","7":"product_shipping_class-12st-per-doos","9":"first","10":"onbackorder","11":"taxable","12":"shipping-taxable","13":"product-type-simple"},"acf":[],"_links":{"self":[{"href":"https:\/\/www.idealtoys.be\/fr\/wp-json\/wp\/v2\/product\/1837","targetHints":{"allow":["GET"]}}],"collection":[{"href":"https:\/\/www.idealtoys.be\/fr\/wp-json\/wp\/v2\/product"}],"about":[{"href":"https:\/\/www.idealtoys.be\/fr\/wp-json\/wp\/v2\/types\/product"}],"wp:featuredmedia":[{"embeddable":true,"href":"https:\/\/www.idealtoys.be\/fr\/wp-json\/wp\/v2\/media\/1981"}],"wp:attachment":[{"href":"https:\/\/www.idealtoys.be\/fr\/wp-json\/wp\/v2\/media?parent=1837"}],"wp:term":[{"taxonomy":"product_brand","embeddable":true,"href":"https:\/\/www.idealtoys.be\/fr\/wp-json\/wp\/v2\/product_brand?post=1837"},{"taxonomy":"product_cat","embeddable":true,"href":"https:\/\/www.idealtoys.be\/fr\/wp-json\/wp\/v2\/product_cat?post=1837"},{"taxonomy":"product_tag","embeddable":true,"href":"https:\/\/www.idealtoys.be\/fr\/wp-json\/wp\/v2\/product_tag?post=1837"}],"curies":[{"name":"wp","href":"https:\/\/api.w.org\/{rel}","templated":true}]}}