{"id":1836,"date":"2024-01-25T13:27:07","date_gmt":"2024-01-25T13:27:07","guid":{"rendered":"https:\/\/www.idealtoys.be\/?post_type=product&#038;p=1836"},"modified":"2026-02-04T14:13:45","modified_gmt":"2026-02-04T14:13:45","slug":"ref-627-zevendelige-transparante-emmerset-40-cm-3-designs-gemengd","status":"publish","type":"product","link":"https:\/\/www.idealtoys.be\/fr\/produit\/ref-627-zevendelige-transparante-emmerset-40-cm-3-designs-gemengd\/","title":{"rendered":"Ref. 629 \u2013 Ensemble de sept seaux transparents \u2013 40 cm \u2013 3 motifs assortis"},"content":{"rendered":"<p>Ensemble de seau compos\u00e9 de sept pi\u00e8ces comprenant une pelle, un r\u00e2teau, un arrosoir, 2 figurines et un tamis.<\/p>\n<p>Dimensions : 22,5 x 21 x 40 cm<\/p>\n<p>3 mod\u00e8les m\u00e9lang\u00e9s<\/p>\n<p>&nbsp;<\/p>\n<p>&nbsp;<\/p>\n<p>&nbsp;<\/p>","protected":false},"excerpt":{"rendered":"<p>Zevendelige emmerset met schopje, hark, gieter 2 figuren en zeef. Size : 22.5 x 21 x 40 cm 3 Designs gemengd &nbsp; &nbsp; &nbsp;<\/p>","protected":false},"featured_media":1985,"template":"","meta":{"_acf_changed":false},"product_brand":[],"product_cat":[23],"product_tag":[],"class_list":{"0":"post-1836","1":"product","2":"type-product","3":"status-publish","4":"has-post-thumbnail","6":"product_cat-strandemmers","7":"product_shipping_class-12st-per-doos","9":"first","10":"onbackorder","11":"taxable","12":"shipping-taxable","13":"product-type-simple"},"acf":[],"_links":{"self":[{"href":"https:\/\/www.idealtoys.be\/fr\/wp-json\/wp\/v2\/product\/1836","targetHints":{"allow":["GET"]}}],"collection":[{"href":"https:\/\/www.idealtoys.be\/fr\/wp-json\/wp\/v2\/product"}],"about":[{"href":"https:\/\/www.idealtoys.be\/fr\/wp-json\/wp\/v2\/types\/product"}],"wp:featuredmedia":[{"embeddable":true,"href":"https:\/\/www.idealtoys.be\/fr\/wp-json\/wp\/v2\/media\/1985"}],"wp:attachment":[{"href":"https:\/\/www.idealtoys.be\/fr\/wp-json\/wp\/v2\/media?parent=1836"}],"wp:term":[{"taxonomy":"product_brand","embeddable":true,"href":"https:\/\/www.idealtoys.be\/fr\/wp-json\/wp\/v2\/product_brand?post=1836"},{"taxonomy":"product_cat","embeddable":true,"href":"https:\/\/www.idealtoys.be\/fr\/wp-json\/wp\/v2\/product_cat?post=1836"},{"taxonomy":"product_tag","embeddable":true,"href":"https:\/\/www.idealtoys.be\/fr\/wp-json\/wp\/v2\/product_tag?post=1836"}],"curies":[{"name":"wp","href":"https:\/\/api.w.org\/{rel}","templated":true}]}}