{"id":1827,"date":"2024-01-25T12:37:20","date_gmt":"2024-01-25T12:37:20","guid":{"rendered":"https:\/\/www.idealtoys.be\/?post_type=product&#038;p=1827"},"modified":"2026-02-17T09:22:16","modified_gmt":"2026-02-17T09:22:16","slug":"ref-445-summer-cocktail","status":"publish","type":"product","link":"https:\/\/www.idealtoys.be\/fr\/produit\/ref-445-summer-cocktail\/","title":{"rendered":"A-Ref 445 \u2013 Cocktail d&#039;\u00e9t\u00e9"},"content":{"rendered":"<p>Serviette de plage avec impression 3D Cocktail d&#039;\u00e9t\u00e9<\/p>","protected":false},"excerpt":{"rendered":"<p>Serviette de plage avec impression 3D Cocktail d&#039;\u00e9t\u00e9<\/p>","protected":false},"featured_media":1810,"template":"","meta":{"_acf_changed":false},"product_brand":[],"product_cat":[24],"product_tag":[],"class_list":{"0":"post-1827","1":"product","2":"type-product","3":"status-publish","4":"has-post-thumbnail","6":"product_cat-strandlakens","7":"product_shipping_class-24st-per-doos","9":"first","10":"instock","11":"taxable","12":"shipping-taxable","13":"product-type-simple"},"acf":[],"_links":{"self":[{"href":"https:\/\/www.idealtoys.be\/fr\/wp-json\/wp\/v2\/product\/1827","targetHints":{"allow":["GET"]}}],"collection":[{"href":"https:\/\/www.idealtoys.be\/fr\/wp-json\/wp\/v2\/product"}],"about":[{"href":"https:\/\/www.idealtoys.be\/fr\/wp-json\/wp\/v2\/types\/product"}],"wp:featuredmedia":[{"embeddable":true,"href":"https:\/\/www.idealtoys.be\/fr\/wp-json\/wp\/v2\/media\/1810"}],"wp:attachment":[{"href":"https:\/\/www.idealtoys.be\/fr\/wp-json\/wp\/v2\/media?parent=1827"}],"wp:term":[{"taxonomy":"product_brand","embeddable":true,"href":"https:\/\/www.idealtoys.be\/fr\/wp-json\/wp\/v2\/product_brand?post=1827"},{"taxonomy":"product_cat","embeddable":true,"href":"https:\/\/www.idealtoys.be\/fr\/wp-json\/wp\/v2\/product_cat?post=1827"},{"taxonomy":"product_tag","embeddable":true,"href":"https:\/\/www.idealtoys.be\/fr\/wp-json\/wp\/v2\/product_tag?post=1827"}],"curies":[{"name":"wp","href":"https:\/\/api.w.org\/{rel}","templated":true}]}}