{"id":1722,"date":"2023-07-03T20:10:49","date_gmt":"2023-07-03T20:10:49","guid":{"rendered":"https:\/\/www.idealtoys.be\/?post_type=product&#038;p=1722"},"modified":"2024-03-25T19:57:28","modified_gmt":"2024-03-25T19:57:28","slug":"oid1090-punt","status":"publish","type":"product","link":"https:\/\/www.idealtoys.be\/fr\/produit\/oid1090-punt\/","title":{"rendered":"OID1090 \u2013 P\u00e9riode"},"content":{"rendered":"<p>Pelles en m\u00e9tal \u00e0 lame pointue et manche en bois de 90 cm de longueur. Ces pelles sont disponibles en 2 variantes :<\/p>\n<ul>\n<li>Rouge\/Bleu (emball\u00e9 par 6 pi\u00e8ces\u00a0: 3 rouges et 3 bleus)<\/li>\n<li>Vert\/Orange (emball\u00e9 par 6 pi\u00e8ces : 3 Vert et 3 Orange)<\/li>\n<\/ul>","protected":false},"excerpt":{"rendered":"<p>Pelles en m\u00e9tal avec lame pointue et manche en bois de 90 cm de longueur. Ces pelles sont disponibles en 2 variantes : Rouge\/Bleu (emball\u00e9 par 6 pi\u00e8ces : 3 rouges et 3 bleues) Vert\/Orange (emball\u00e9 par 6 pi\u00e8ces : 3 vertes et 3 oranges)<\/p>","protected":false},"featured_media":1284,"template":"","meta":{"_acf_changed":false},"product_brand":[],"product_cat":[28,16],"product_tag":[],"class_list":{"0":"post-1722","1":"product","2":"type-product","3":"status-publish","4":"has-post-thumbnail","6":"product_cat-metaal","7":"product_cat-strandschopjes","8":"product_shipping_class-24st-per-doos","10":"first","11":"instock","12":"taxable","13":"shipping-taxable","14":"product-type-variable"},"acf":[],"_links":{"self":[{"href":"https:\/\/www.idealtoys.be\/fr\/wp-json\/wp\/v2\/product\/1722","targetHints":{"allow":["GET"]}}],"collection":[{"href":"https:\/\/www.idealtoys.be\/fr\/wp-json\/wp\/v2\/product"}],"about":[{"href":"https:\/\/www.idealtoys.be\/fr\/wp-json\/wp\/v2\/types\/product"}],"wp:featuredmedia":[{"embeddable":true,"href":"https:\/\/www.idealtoys.be\/fr\/wp-json\/wp\/v2\/media\/1284"}],"wp:attachment":[{"href":"https:\/\/www.idealtoys.be\/fr\/wp-json\/wp\/v2\/media?parent=1722"}],"wp:term":[{"taxonomy":"product_brand","embeddable":true,"href":"https:\/\/www.idealtoys.be\/fr\/wp-json\/wp\/v2\/product_brand?post=1722"},{"taxonomy":"product_cat","embeddable":true,"href":"https:\/\/www.idealtoys.be\/fr\/wp-json\/wp\/v2\/product_cat?post=1722"},{"taxonomy":"product_tag","embeddable":true,"href":"https:\/\/www.idealtoys.be\/fr\/wp-json\/wp\/v2\/product_tag?post=1722"}],"curies":[{"name":"wp","href":"https:\/\/api.w.org\/{rel}","templated":true}]}}