{"id":1654,"date":"2023-02-12T16:12:09","date_gmt":"2023-02-12T16:12:09","guid":{"rendered":"https:\/\/www.idealtoys.be\/?post_type=product&#038;p=1654"},"modified":"2023-02-12T16:40:40","modified_gmt":"2023-02-12T16:40:40","slug":"eendjes-in-bulk","status":"publish","type":"product","link":"https:\/\/www.idealtoys.be\/fr\/produit\/eendjes-in-bulk\/","title":{"rendered":"OID8960 \u2013 Canetons en vrac"},"content":{"rendered":"<p>Canards forains en vrac (210 pi\u00e8ces\/bo\u00eete). La bo\u00eete contient 6 couleurs m\u00e9lang\u00e9es :<\/p>\n<ul>\n<li>rouge : 35 pi\u00e8ces<\/li>\n<li>jaune : 35 pi\u00e8ces<\/li>\n<li>vert : 35 pi\u00e8ces<\/li>\n<li>orange : 35 pi\u00e8ces<\/li>\n<li>bleu : 35 pi\u00e8ces<\/li>\n<li>rose : 35 pi\u00e8ces<\/li>\n<\/ul>\n<p>Ces canards ne conviennent pas \u00e0 la revente.<\/p>","protected":false},"excerpt":{"rendered":"<p>Canards de f\u00eate foraine en vrac (210 pi\u00e8ces\/bo\u00eete). La bo\u00eete contient 6 couleurs m\u00e9lang\u00e9es\u00a0: rouge\u00a0: 35 pi\u00e8ces, jaune\u00a0: 35 pi\u00e8ces, vert\u00a0: 35 pi\u00e8ces, orange\u00a0: 35 pi\u00e8ces, bleu\u00a0: 35 pi\u00e8ces, rose\u00a0: 35 pi\u00e8ces. Ces canards ne sont pas adapt\u00e9s \u00e0 la revente.<\/p>","protected":false},"featured_media":1693,"template":"","meta":{"_acf_changed":false},"product_brand":[],"product_cat":[27],"product_tag":[],"class_list":{"0":"post-1654","1":"product","2":"type-product","3":"status-publish","4":"has-post-thumbnail","6":"product_cat-kermiseendjes","7":"product_shipping_class-210st-per-doos","9":"first","10":"instock","11":"taxable","12":"shipping-taxable","13":"product-type-simple"},"acf":[],"_links":{"self":[{"href":"https:\/\/www.idealtoys.be\/fr\/wp-json\/wp\/v2\/product\/1654","targetHints":{"allow":["GET"]}}],"collection":[{"href":"https:\/\/www.idealtoys.be\/fr\/wp-json\/wp\/v2\/product"}],"about":[{"href":"https:\/\/www.idealtoys.be\/fr\/wp-json\/wp\/v2\/types\/product"}],"wp:featuredmedia":[{"embeddable":true,"href":"https:\/\/www.idealtoys.be\/fr\/wp-json\/wp\/v2\/media\/1693"}],"wp:attachment":[{"href":"https:\/\/www.idealtoys.be\/fr\/wp-json\/wp\/v2\/media?parent=1654"}],"wp:term":[{"taxonomy":"product_brand","embeddable":true,"href":"https:\/\/www.idealtoys.be\/fr\/wp-json\/wp\/v2\/product_brand?post=1654"},{"taxonomy":"product_cat","embeddable":true,"href":"https:\/\/www.idealtoys.be\/fr\/wp-json\/wp\/v2\/product_cat?post=1654"},{"taxonomy":"product_tag","embeddable":true,"href":"https:\/\/www.idealtoys.be\/fr\/wp-json\/wp\/v2\/product_tag?post=1654"}],"curies":[{"name":"wp","href":"https:\/\/api.w.org\/{rel}","templated":true}]}}