{"id":1595,"date":"2023-02-01T19:35:52","date_gmt":"2023-02-01T19:35:52","guid":{"rendered":"https:\/\/new.idealtoys.be\/?post_type=product&#038;p=1595"},"modified":"2026-02-04T16:58:29","modified_gmt":"2026-02-04T16:58:29","slug":"ref-551-baby-shark","status":"publish","type":"product","link":"https:\/\/www.idealtoys.be\/fr\/produit\/ref-551-baby-shark\/","title":{"rendered":"Ref 551 \u2013 Baby shark"},"content":{"rendered":"<p>Ballon imprim\u00e9 b\u00e9b\u00e9 requin \u2013 15cm<\/p>","protected":false},"excerpt":{"rendered":"<p>Ballon imprim\u00e9 b\u00e9b\u00e9 requin \u2013 15cm<\/p>","protected":false},"featured_media":1563,"template":"","meta":{"_acf_changed":false},"product_brand":[],"product_cat":[21],"product_tag":[],"class_list":{"0":"post-1595","1":"product","2":"type-product","3":"status-publish","4":"has-post-thumbnail","6":"product_cat-ballen","7":"product_shipping_class-70st-per-doos","9":"first","10":"instock","11":"taxable","12":"shipping-taxable","13":"product-type-simple"},"acf":[],"_links":{"self":[{"href":"https:\/\/www.idealtoys.be\/fr\/wp-json\/wp\/v2\/product\/1595","targetHints":{"allow":["GET"]}}],"collection":[{"href":"https:\/\/www.idealtoys.be\/fr\/wp-json\/wp\/v2\/product"}],"about":[{"href":"https:\/\/www.idealtoys.be\/fr\/wp-json\/wp\/v2\/types\/product"}],"wp:featuredmedia":[{"embeddable":true,"href":"https:\/\/www.idealtoys.be\/fr\/wp-json\/wp\/v2\/media\/1563"}],"wp:attachment":[{"href":"https:\/\/www.idealtoys.be\/fr\/wp-json\/wp\/v2\/media?parent=1595"}],"wp:term":[{"taxonomy":"product_brand","embeddable":true,"href":"https:\/\/www.idealtoys.be\/fr\/wp-json\/wp\/v2\/product_brand?post=1595"},{"taxonomy":"product_cat","embeddable":true,"href":"https:\/\/www.idealtoys.be\/fr\/wp-json\/wp\/v2\/product_cat?post=1595"},{"taxonomy":"product_tag","embeddable":true,"href":"https:\/\/www.idealtoys.be\/fr\/wp-json\/wp\/v2\/product_tag?post=1595"}],"curies":[{"name":"wp","href":"https:\/\/api.w.org\/{rel}","templated":true}]}}