{"id":1532,"date":"2023-01-31T20:37:18","date_gmt":"2023-01-31T20:37:18","guid":{"rendered":"https:\/\/new.idealtoys.be\/?post_type=product&#038;p=1532"},"modified":"2026-02-17T09:23:21","modified_gmt":"2026-02-17T09:23:21","slug":"ref-327-emoticons","status":"publish","type":"product","link":"https:\/\/www.idealtoys.be\/fr\/produit\/ref-327-emoticons\/","title":{"rendered":"A-Ref 327 \u2013 \u00c9motic\u00f4nes"},"content":{"rendered":"<p>Serviette de plage avec \u00e9motic\u00f4nes imprim\u00e9es en 3D<\/p>","protected":false},"excerpt":{"rendered":"<p>Serviette de plage avec \u00e9motic\u00f4nes imprim\u00e9es en 3D<\/p>","protected":false},"featured_media":1533,"template":"","meta":{"_acf_changed":false},"product_brand":[],"product_cat":[24],"product_tag":[],"class_list":{"0":"post-1532","1":"product","2":"type-product","3":"status-publish","4":"has-post-thumbnail","6":"product_cat-strandlakens","7":"product_shipping_class-24st-per-doos","9":"first","10":"instock","11":"taxable","12":"shipping-taxable","13":"product-type-simple"},"acf":[],"_links":{"self":[{"href":"https:\/\/www.idealtoys.be\/fr\/wp-json\/wp\/v2\/product\/1532","targetHints":{"allow":["GET"]}}],"collection":[{"href":"https:\/\/www.idealtoys.be\/fr\/wp-json\/wp\/v2\/product"}],"about":[{"href":"https:\/\/www.idealtoys.be\/fr\/wp-json\/wp\/v2\/types\/product"}],"wp:featuredmedia":[{"embeddable":true,"href":"https:\/\/www.idealtoys.be\/fr\/wp-json\/wp\/v2\/media\/1533"}],"wp:attachment":[{"href":"https:\/\/www.idealtoys.be\/fr\/wp-json\/wp\/v2\/media?parent=1532"}],"wp:term":[{"taxonomy":"product_brand","embeddable":true,"href":"https:\/\/www.idealtoys.be\/fr\/wp-json\/wp\/v2\/product_brand?post=1532"},{"taxonomy":"product_cat","embeddable":true,"href":"https:\/\/www.idealtoys.be\/fr\/wp-json\/wp\/v2\/product_cat?post=1532"},{"taxonomy":"product_tag","embeddable":true,"href":"https:\/\/www.idealtoys.be\/fr\/wp-json\/wp\/v2\/product_tag?post=1532"}],"curies":[{"name":"wp","href":"https:\/\/api.w.org\/{rel}","templated":true}]}}