{"id":1158,"date":"2022-12-18T15:59:03","date_gmt":"2022-12-18T15:59:03","guid":{"rendered":"https:\/\/new.idealtoys.be\/?post_type=product&#038;p=1158"},"modified":"2026-02-17T09:25:44","modified_gmt":"2026-02-17T09:25:44","slug":"sl038-olifant","status":"publish","type":"product","link":"https:\/\/www.idealtoys.be\/fr\/produit\/sl038-olifant\/","title":{"rendered":"A-Ref 322 \u2013 \u00c9l\u00e9phant"},"content":{"rendered":"<p>Serviette de plage avec impression 3D d&#039;\u00e9l\u00e9phant<\/p>","protected":false},"excerpt":{"rendered":"<p>Serviette de plage avec impression 3D d&#039;\u00e9l\u00e9phant<\/p>","protected":false},"featured_media":1307,"template":"","meta":{"_acf_changed":false},"product_brand":[],"product_cat":[24],"product_tag":[],"class_list":{"0":"post-1158","1":"product","2":"type-product","3":"status-publish","4":"has-post-thumbnail","6":"product_cat-strandlakens","7":"product_shipping_class-24st-per-doos","9":"first","10":"instock","11":"taxable","12":"shipping-taxable","13":"product-type-simple"},"acf":[],"_links":{"self":[{"href":"https:\/\/www.idealtoys.be\/fr\/wp-json\/wp\/v2\/product\/1158","targetHints":{"allow":["GET"]}}],"collection":[{"href":"https:\/\/www.idealtoys.be\/fr\/wp-json\/wp\/v2\/product"}],"about":[{"href":"https:\/\/www.idealtoys.be\/fr\/wp-json\/wp\/v2\/types\/product"}],"wp:featuredmedia":[{"embeddable":true,"href":"https:\/\/www.idealtoys.be\/fr\/wp-json\/wp\/v2\/media\/1307"}],"wp:attachment":[{"href":"https:\/\/www.idealtoys.be\/fr\/wp-json\/wp\/v2\/media?parent=1158"}],"wp:term":[{"taxonomy":"product_brand","embeddable":true,"href":"https:\/\/www.idealtoys.be\/fr\/wp-json\/wp\/v2\/product_brand?post=1158"},{"taxonomy":"product_cat","embeddable":true,"href":"https:\/\/www.idealtoys.be\/fr\/wp-json\/wp\/v2\/product_cat?post=1158"},{"taxonomy":"product_tag","embeddable":true,"href":"https:\/\/www.idealtoys.be\/fr\/wp-json\/wp\/v2\/product_tag?post=1158"}],"curies":[{"name":"wp","href":"https:\/\/api.w.org\/{rel}","templated":true}]}}