{"id":1127,"date":"2022-12-13T18:52:20","date_gmt":"2022-12-13T18:52:20","guid":{"rendered":"https:\/\/new.idealtoys.be\/?post_type=product&#038;p=1127"},"modified":"2026-02-17T09:29:19","modified_gmt":"2026-02-17T09:29:19","slug":"sl020-strandtas-strandlaken-gekleurde-strepen","status":"publish","type":"product","link":"https:\/\/www.idealtoys.be\/fr\/produit\/sl020-strandtas-strandlaken-gekleurde-strepen\/","title":{"rendered":"Q-Ref 393 \u2013 Sac de plage + Serviette de plage \u2013 rayures color\u00e9es"},"content":{"rendered":"<p>Sac de plage (40 x 40cm) en polyester avec serviette de plage (180 x 180cm) \u00e0 rayures color\u00e9es<\/p>","protected":false},"excerpt":{"rendered":"<p>Sac de plage (40 x 40cm) en polyester avec serviette de plage (180 x 180cm) \u00e0 rayures color\u00e9es<\/p>","protected":false},"featured_media":1314,"template":"","meta":{"_acf_changed":false},"product_brand":[],"product_cat":[24,25],"product_tag":[],"class_list":{"0":"post-1127","1":"product","2":"type-product","3":"status-publish","4":"has-post-thumbnail","6":"product_cat-strandlakens","7":"product_cat-strandtassen","8":"product_shipping_class-24st-per-doos","10":"first","11":"instock","12":"taxable","13":"shipping-taxable","14":"product-type-simple"},"acf":[],"_links":{"self":[{"href":"https:\/\/www.idealtoys.be\/fr\/wp-json\/wp\/v2\/product\/1127","targetHints":{"allow":["GET"]}}],"collection":[{"href":"https:\/\/www.idealtoys.be\/fr\/wp-json\/wp\/v2\/product"}],"about":[{"href":"https:\/\/www.idealtoys.be\/fr\/wp-json\/wp\/v2\/types\/product"}],"wp:featuredmedia":[{"embeddable":true,"href":"https:\/\/www.idealtoys.be\/fr\/wp-json\/wp\/v2\/media\/1314"}],"wp:attachment":[{"href":"https:\/\/www.idealtoys.be\/fr\/wp-json\/wp\/v2\/media?parent=1127"}],"wp:term":[{"taxonomy":"product_brand","embeddable":true,"href":"https:\/\/www.idealtoys.be\/fr\/wp-json\/wp\/v2\/product_brand?post=1127"},{"taxonomy":"product_cat","embeddable":true,"href":"https:\/\/www.idealtoys.be\/fr\/wp-json\/wp\/v2\/product_cat?post=1127"},{"taxonomy":"product_tag","embeddable":true,"href":"https:\/\/www.idealtoys.be\/fr\/wp-json\/wp\/v2\/product_tag?post=1127"}],"curies":[{"name":"wp","href":"https:\/\/api.w.org\/{rel}","templated":true}]}}