{"id":36,"date":"2022-04-15T14:23:00","date_gmt":"2022-04-15T14:23:00","guid":{"rendered":"https:\/\/new.idealtoys.be\/?page_id=36"},"modified":"2023-05-14T17:21:01","modified_gmt":"2023-05-14T17:21:01","slug":"nieuws","status":"publish","type":"page","link":"https:\/\/www.idealtoys.be\/fr\/nieuws\/","title":{"rendered":"Nouvelles"},"content":{"rendered":"<section class=\"l-section wpb_row height_medium\"><div class=\"l-section-h i-cf\"><div class=\"g-cols vc_row via_grid cols_1 laptops-cols_inherit tablets-cols_inherit mobiles-cols_1 valign_top type_default stacking_default\"><div class=\"wpb_column vc_column_container\"><div class=\"vc_column-inner\"><div class=\"wpb_text_column\"><div class=\"wpb_wrapper\"><style type=\"text\/css\">\n.fts-instagram-load-more-wrapper .fts-fb-load-more { background: #f0f0f0 !important; }\n.fts-instagram-load-more-wrapper .fts-fb-load-more { color: #000 !important; }\n.fts-instagram-load-more-wrapper .fts-fb-spinner > div { background: #000 !important; }\n<\/style><div id=\"feed_dynamic_classkoyqywayhh_business\" class=\"fts-instagram-inline-block-centered feed_dynamic_classkoyqywayhh_business\"  data-ftsi-columns=\"3\" data-ftsi-columns-tablet=\"\" data-ftsi-columns-mobile=\"\" data-ftsi-force-columns=\"no\" data-ftsi-margin=\"1px\" data-ftsi-height=\"\">                            <div class=\"slicker-instagram-placeholder fts-instagram-wrapper\" style=\"background-image:url('https:\/\/scontent-cdg4-2.cdninstagram.com\/v\/t39.30808-6\/605623107_1517260709882629_6524595734747725057_n.jpg?stp=dst-jpg_e35_tt6&#038;_nc_cat=100&#038;ccb=7-5&#038;_nc_sid=18de74&#038;efg=eyJlZmdfdGFnIjoiRkVFRC5iZXN0X2ltYWdlX3VybGdlbi5DMyJ9&#038;_nc_ohc=b5zanDHYVQYQ7kNvwHGzUGE&#038;_nc_oc=AdqxHP6VnBMPHnE8tP_eF5Z4hMjGx8VF4sb-gUPWQG5D1lXl7xXsP7ZOh31LXcCt5g0jfzxpaCcIY5RoEAzS-8n_&#038;_nc_zt=23&#038;_nc_ht=scontent-cdg4-2.cdninstagram.com&#038;edm=AEQ6tj4EAAAA&#038;_nc_gid=wy21Oh6hILzQu5M1y6XhDQ&#038;oh=00_Af00uQL-H5JZgkns9cJiOnLYHJEkkCHdDIW09MeS8KKX5g&#038;oe=69F2D4DC')\">\n                                            <a href='https:\/\/www.instagram.com\/p\/DSr7hoRjcMu\/' title='' target=\"_blank\" rel=\"noreferrer\" class='fts-instagram-link-target fts-slicker-backg                         fts-instagram-img-link' style=\"height:65px !important; width:65px; line-height:65px; font-size:65px;\"><span class=\"fts-instagram-icon\" style=\"height:65px; width:65px; line-height:65px; font-size:65px;\"><\/span><\/a>\n                        \n                        <div class='slicker-date'>\n\n                            <div class=\"fts-insta-date-popup-grab\">\n                            2025\/12\/25 @ 12:27                            <\/div>\n                        <\/div>\n                    <div class='slicker-instaG-backg-link'>\n\n                        <div class='slicker-instaG-photoshadow'><\/div>\n                    <\/div>\n                        <div class=\"fts-insta-likes-comments-grab-popup\">\n\n                            <div class=\"fts-share-wrap\"><a href=\"javascript:;\" class=\"ft-gallery-link-popup\" title=\"Options de partage social\"><\/a><div class=\"ft-gallery-share-wrap\"><a href=\"https:\/\/www.facebook.com\/sharer\/sharer.php?u=https:\/\/www.instagram.com\/p\/DSr7hoRjcMu\/\" target=\"_blank\" rel=\"noreferrer\" class=\"ft-galleryfacebook-icon\" title=\"Partagez cette publication sur Facebook\"><i class=\"fa fa-facebook-square\"><\/i><\/a><a href=\"https:\/\/twitter.com\/intent\/tweet?text=https:\/\/www.instagram.com\/p\/DSr7hoRjcMu\/+\" target=\"_blank\" rel=\"noreferrer\" class=\"ft-gallerytwitter-icon\" title=\"Partagez cette publication sur Twitter\"><i class=\"fa fa-twitter\"><\/i><\/a><a href=\"https:\/\/www.linkedin.com\/shareArticle?mini=true&amp;url=https:\/\/www.instagram.com\/p\/DSr7hoRjcMu\/\" target=\"_blank\" rel=\"noreferrer\" class=\"ft-gallerylinkedin-icon\" title=\"Partager cette publication sur LinkedIn\"><i class=\"fa fa-linkedin\"><\/i><\/a><a href=\"mailto:?subject=Shared Link&amp;body=https:\/\/www.instagram.com\/p\/DSr7hoRjcMu\/ -\" target=\"_blank\" rel=\"noreferrer\" class=\"ft-galleryemail-icon\" title=\"Partagez cette publication dans votre messagerie\"><i class=\"fa fa-envelope\"><\/i><\/a><\/div><\/div>                                    <div class=\"fts-instagram-reply-wrap-left\">\n                                        <ul class='slicker-heart-comments-wrap'>\n                                            <li class='slicker-instagram-image-likes'>2 <\/li>\n                                            <li class='slicker-instagram-image-comments'>\n                                                <span class=\"fts-comment-instagram\"><\/span> 0                                            <\/li>\n                                        <\/ul>\n                                    <\/div>\n                                                        <\/div>\n                <\/div>\n                                                <div class=\"slicker-instagram-placeholder fts-instagram-wrapper\" style=\"background-image:url('https:\/\/scontent-cdg4-1.cdninstagram.com\/v\/t39.30808-6\/490613737_1298068445135191_2107504992298163208_n.jpg?stp=dst-jpg_e35_tt6&#038;_nc_cat=104&#038;ccb=7-5&#038;_nc_sid=18de74&#038;efg=eyJlZmdfdGFnIjoiRkVFRC5iZXN0X2ltYWdlX3VybGdlbi5DMyJ9&#038;_nc_ohc=ry5g56kbJs8Q7kNvwHgTANK&#038;_nc_oc=AdrHp-Ic0Fa5uDk9XWXEZ31jjVj_jF4sTAYNevcVjnVL4OG5cbuhNHHRnquWMY4iOXgoXRqpWsJYVPaXdWb7hyrc&#038;_nc_zt=23&#038;_nc_ht=scontent-cdg4-1.cdninstagram.com&#038;edm=AEQ6tj4EAAAA&#038;_nc_gid=K4KYO_5noX95pHC1MCcsOA&#038;oh=00_Af3b8SQCth2rFMLEltjj_wlaZbrNeGCmO9ZWTle8sUcvCA&#038;oe=69F2DC0A')\">\n                                            <a href='https:\/\/www.instagram.com\/p\/DEFJg14sIwY\/' title='#happyholidays #2025 #idealtoys' target=\"_blank\" rel=\"noreferrer\" class='fts-instagram-link-target fts-slicker-backg                         fts-instagram-img-link' style=\"height:65px !important; width:65px; line-height:65px; font-size:65px;\"><span class=\"fts-instagram-icon\" style=\"height:65px; width:65px; line-height:65px; font-size:65px;\"><\/span><\/a>\n                        \n                        <div class='slicker-date'>\n\n                            <div class=\"fts-insta-date-popup-grab\">\n                            2024\/12\/27 @ 11:39                            <\/div>\n                        <\/div>\n                    <div class='slicker-instaG-backg-link'>\n\n                        <div class='slicker-instaG-photoshadow'><\/div>\n                    <\/div>\n                        <div class=\"fts-insta-likes-comments-grab-popup\">\n\n                            <div class=\"fts-share-wrap\"><a href=\"javascript:;\" class=\"ft-gallery-link-popup\" title=\"Options de partage social\"><\/a><div class=\"ft-gallery-share-wrap\"><a href=\"https:\/\/www.facebook.com\/sharer\/sharer.php?u=https:\/\/www.instagram.com\/p\/DEFJg14sIwY\/\" target=\"_blank\" rel=\"noreferrer\" class=\"ft-galleryfacebook-icon\" title=\"Partagez cette publication sur Facebook\"><i class=\"fa fa-facebook-square\"><\/i><\/a><a href=\"https:\/\/twitter.com\/intent\/tweet?text=https:\/\/www.instagram.com\/p\/DEFJg14sIwY\/+#happyholidays #2025 #idealtoys\" target=\"_blank\" rel=\"noreferrer\" class=\"ft-gallerytwitter-icon\" title=\"Partagez cette publication sur Twitter\"><i class=\"fa fa-twitter\"><\/i><\/a><a href=\"https:\/\/www.linkedin.com\/shareArticle?mini=true&amp;url=https:\/\/www.instagram.com\/p\/DEFJg14sIwY\/\" target=\"_blank\" rel=\"noreferrer\" class=\"ft-gallerylinkedin-icon\" title=\"Partager cette publication sur LinkedIn\"><i class=\"fa fa-linkedin\"><\/i><\/a><a href=\"mailto:?subject=Shared Link&amp;body=https:\/\/www.instagram.com\/p\/DEFJg14sIwY\/ - #happyholidays #2025 #idealtoys\" target=\"_blank\" rel=\"noreferrer\" class=\"ft-galleryemail-icon\" title=\"Partagez cette publication dans votre messagerie\"><i class=\"fa fa-envelope\"><\/i><\/a><\/div><\/div>                                    <div class=\"fts-instagram-reply-wrap-left\">\n                                        <ul class='slicker-heart-comments-wrap'>\n                                            <li class='slicker-instagram-image-likes'>3 <\/li>\n                                            <li class='slicker-instagram-image-comments'>\n                                                <span class=\"fts-comment-instagram\"><\/span> 1                                            <\/li>\n                                        <\/ul>\n                                    <\/div>\n                                                        <\/div>\n                <\/div>\n                                                <div class=\"slicker-instagram-placeholder fts-instagram-wrapper\" style=\"background-image:url('https:\/\/scontent-cdg4-1.cdninstagram.com\/v\/t39.30808-6\/490234482_1294927345449301_2694045185264120355_n.jpg?stp=dst-jpg_e35_tt6&#038;_nc_cat=110&#038;ccb=7-5&#038;_nc_sid=18de74&#038;efg=eyJlZmdfdGFnIjoiRkVFRC5iZXN0X2ltYWdlX3VybGdlbi5DMyJ9&#038;_nc_ohc=jq2ObPl65BEQ7kNvwFvomS2&#038;_nc_oc=Adr7Eq8MhSnYS20R4kDFJuX0O_p178aULJwXn6PLA_E409XOHr3BFzc6NoNjRnA7tXwN0HqgFS33S2iq9tp4KGFc&#038;_nc_zt=23&#038;_nc_ht=scontent-cdg4-1.cdninstagram.com&#038;edm=AEQ6tj4EAAAA&#038;_nc_gid=ZNwMzGOhTx7mb68x-BgMRg&#038;oh=00_Af0DK67yo0EbqC0gfJR27d8D0d3ZsAYAvPied-HNJ5uHjg&#038;oe=69F2E7AC')\">\n                                            <a href='https:\/\/www.instagram.com\/p\/C_aEjiot0s_\/' title='Bonne chance pour le premier jour d&#039;\u00e9cole ! 1TP16Premier jour d&#039;\u00e9cole 1TP16Mar\u00e9e #belgiantoys\u2764\ufe0f' target=\"_blank\" rel=\"noreferrer\" class='fts-instagram-link-target fts-slicker-backg                         fts-instagram-img-link' style=\"height:65px !important; width:65px; line-height:65px; font-size:65px;\"><span class=\"fts-instagram-icon\" style=\"height:65px; width:65px; line-height:65px; font-size:65px;\"><\/span><\/a>\n                        \n                        <div class='slicker-date'>\n\n                            <div class=\"fts-insta-date-popup-grab\">\n                            2024\/09\/02 @ 8:03                            <\/div>\n                        <\/div>\n                    <div class='slicker-instaG-backg-link'>\n\n                        <div class='slicker-instaG-photoshadow'><\/div>\n                    <\/div>\n                        <div class=\"fts-insta-likes-comments-grab-popup\">\n\n                            <div class=\"fts-share-wrap\"><a href=\"javascript:;\" class=\"ft-gallery-link-popup\" title=\"Options de partage social\"><\/a><div class=\"ft-gallery-share-wrap\"><a href=\"https:\/\/www.facebook.com\/sharer\/sharer.php?u=https:\/\/www.instagram.com\/p\/C_aEjiot0s_\/\" target=\"_blank\" rel=\"noreferrer\" class=\"ft-galleryfacebook-icon\" title=\"Partagez cette publication sur Facebook\"><i class=\"fa fa-facebook-square\"><\/i><\/a><a href=\"https:\/\/twitter.com\/intent\/tweet?text=https:\/\/www.instagram.com\/p\/C_aEjiot0s_\/+Veel succes met de eerste schooldag ! #eersteschooldag #ideal #belgiantoys\u2764\ufe0f\" target=\"_blank\" rel=\"noreferrer\" class=\"ft-gallerytwitter-icon\" title=\"Partagez cette publication sur Twitter\"><i class=\"fa fa-twitter\"><\/i><\/a><a href=\"https:\/\/www.linkedin.com\/shareArticle?mini=true&amp;url=https:\/\/www.instagram.com\/p\/C_aEjiot0s_\/\" target=\"_blank\" rel=\"noreferrer\" class=\"ft-gallerylinkedin-icon\" title=\"Partager cette publication sur LinkedIn\"><i class=\"fa fa-linkedin\"><\/i><\/a><a href=\"mailto:?subject=Shared Link&amp;body=https:\/\/www.instagram.com\/p\/C_aEjiot0s_\/ - Veel succes met de eerste schooldag ! #eersteschooldag #ideal #belgiantoys\u2764\ufe0f\" target=\"_blank\" rel=\"noreferrer\" class=\"ft-galleryemail-icon\" title=\"Partagez cette publication dans votre messagerie\"><i class=\"fa fa-envelope\"><\/i><\/a><\/div><\/div>                                    <div class=\"fts-instagram-reply-wrap-left\">\n                                        <ul class='slicker-heart-comments-wrap'>\n                                            <li class='slicker-instagram-image-likes'>0 <\/li>\n                                            <li class='slicker-instagram-image-comments'>\n                                                <span class=\"fts-comment-instagram\"><\/span> 0                                            <\/li>\n                                        <\/ul>\n                                    <\/div>\n                                                        <\/div>\n                <\/div>\n                                                <div class=\"slicker-instagram-placeholder fts-instagram-wrapper\" style=\"background-image:url('https:\/\/scontent-cdg4-2.cdninstagram.com\/v\/t39.30808-6\/489770318_1292317482376954_4397058558869773830_n.jpg?stp=dst-jpg_e35_tt6&#038;_nc_cat=109&#038;ccb=7-5&#038;_nc_sid=18de74&#038;efg=eyJlZmdfdGFnIjoiRkVFRC5iZXN0X2ltYWdlX3VybGdlbi5DMyJ9&#038;_nc_ohc=B0BFLqh3i0YQ7kNvwFLxH7-&#038;_nc_oc=AdpJIeVEgwblSw7Q7pFFFGIMSVOxWs-V2AsHDfuuSjMckHT5o8ljHc9q7YyM12FGyfst6vPw2mXB627a1UBX4Xi2&#038;_nc_zt=23&#038;_nc_ht=scontent-cdg4-2.cdninstagram.com&#038;edm=AEQ6tj4EAAAA&#038;_nc_gid=3kbkicsTMg00tZ_adUBk5w&#038;oh=00_Af259ZeHKSMf1CYpq4ZJtEWuzGT2rxyDbDudjAfXzctV8g&#038;oe=69F2D4F2')\">\n                                            <a href='https:\/\/www.instagram.com\/p\/C7Qw1AIMN-k\/' title='Ne manquez pas cette opportunit\u00e9 ! La semaine derni\u00e8re #Soldes d&#039;usine #Promotions exceptionnelles #jouets #Serviettes de plage #Linge de bain #Plaids #idealtoys' target=\"_blank\" rel=\"noreferrer\" class='fts-instagram-link-target fts-slicker-backg                         fts-instagram-img-link' style=\"height:65px !important; width:65px; line-height:65px; font-size:65px;\"><span class=\"fts-instagram-icon\" style=\"height:65px; width:65px; line-height:65px; font-size:65px;\"><\/span><\/a>\n                        \n                        <div class='slicker-date'>\n\n                            <div class=\"fts-insta-date-popup-grab\">\n                            2024\/05\/22 @ 7:12                            <\/div>\n                        <\/div>\n                    <div class='slicker-instaG-backg-link'>\n\n                        <div class='slicker-instaG-photoshadow'><\/div>\n                    <\/div>\n                        <div class=\"fts-insta-likes-comments-grab-popup\">\n\n                            <div class=\"fts-share-wrap\"><a href=\"javascript:;\" class=\"ft-gallery-link-popup\" title=\"Options de partage social\"><\/a><div class=\"ft-gallery-share-wrap\"><a href=\"https:\/\/www.facebook.com\/sharer\/sharer.php?u=https:\/\/www.instagram.com\/p\/C7Qw1AIMN-k\/\" target=\"_blank\" rel=\"noreferrer\" class=\"ft-galleryfacebook-icon\" title=\"Partagez cette publication sur Facebook\"><i class=\"fa fa-facebook-square\"><\/i><\/a><a href=\"https:\/\/twitter.com\/intent\/tweet?text=https:\/\/www.instagram.com\/p\/C7Qw1AIMN-k\/+Mis deze kans niet ! Laatste week #fabrieksverkoop #uitzonderlijkepromoties #speelgoed #strandlakens #badlinnen #plaids #idealtoys\" target=\"_blank\" rel=\"noreferrer\" class=\"ft-gallerytwitter-icon\" title=\"Partagez cette publication sur Twitter\"><i class=\"fa fa-twitter\"><\/i><\/a><a href=\"https:\/\/www.linkedin.com\/shareArticle?mini=true&amp;url=https:\/\/www.instagram.com\/p\/C7Qw1AIMN-k\/\" target=\"_blank\" rel=\"noreferrer\" class=\"ft-gallerylinkedin-icon\" title=\"Partager cette publication sur LinkedIn\"><i class=\"fa fa-linkedin\"><\/i><\/a><a href=\"mailto:?subject=Shared Link&amp;body=https:\/\/www.instagram.com\/p\/C7Qw1AIMN-k\/ - Mis deze kans niet ! Laatste week #fabrieksverkoop #uitzonderlijkepromoties #speelgoed #strandlakens #badlinnen #plaids #idealtoys\" target=\"_blank\" rel=\"noreferrer\" class=\"ft-galleryemail-icon\" title=\"Partagez cette publication dans votre messagerie\"><i class=\"fa fa-envelope\"><\/i><\/a><\/div><\/div>                                    <div class=\"fts-instagram-reply-wrap-left\">\n                                        <ul class='slicker-heart-comments-wrap'>\n                                            <li class='slicker-instagram-image-likes'>1 <\/li>\n                                            <li class='slicker-instagram-image-comments'>\n                                                <span class=\"fts-comment-instagram\"><\/span> 0                                            <\/li>\n                                        <\/ul>\n                                    <\/div>\n                                                        <\/div>\n                <\/div>\n                                                <div class=\"slicker-instagram-placeholder fts-instagram-wrapper\" style=\"background-image:url('https:\/\/scontent-cdg4-1.cdninstagram.com\/v\/t39.30808-6\/436152106_1044945693780802_6575120967042706216_n.jpg?stp=dst-jpg_e35_tt6&#038;_nc_cat=102&#038;ccb=7-5&#038;_nc_sid=18de74&#038;efg=eyJlZmdfdGFnIjoiRkVFRC5iZXN0X2ltYWdlX3VybGdlbi5DMyJ9&#038;_nc_ohc=vn2SofJoC_sQ7kNvwEaurDt&#038;_nc_oc=AdqaWBN2kwYu-MR2kJc7HZje5VQeRruH2yyVBOn-nxC6HZvYr1hhMBR0-muOMAKVcTpJbEZXsge7pkT7MqlNWW4e&#038;_nc_zt=23&#038;_nc_ht=scontent-cdg4-1.cdninstagram.com&#038;edm=AEQ6tj4EAAAA&#038;_nc_gid=sA14n1XaHGYDABlMQFpyOw&#038;oh=00_Af2T9GBqT3HbnnhblPOV-yZ8d5bkadR0OOCycxHBsnvY1g&#038;oe=69F2D065')\">\n                                            <a href='https:\/\/www.instagram.com\/p\/C7CEthsLuoR\/' title='OUVERT vendredi apr\u00e8s-midi et samedi ! \ud83d\ude03#idealtoys #plaids #linge de bain #serviettes de plage #sacs de plage #jouets #peluche #parasols #umbrella #chaise de plage #moulin \u00e0 vent' target=\"_blank\" rel=\"noreferrer\" class='fts-instagram-link-target fts-slicker-backg                         fts-instagram-img-link' style=\"height:65px !important; width:65px; line-height:65px; font-size:65px;\"><span class=\"fts-instagram-icon\" style=\"height:65px; width:65px; line-height:65px; font-size:65px;\"><\/span><\/a>\n                        \n                        <div class='slicker-date'>\n\n                            <div class=\"fts-insta-date-popup-grab\">\n                            2024\/05\/16 @ 14:17                            <\/div>\n                        <\/div>\n                    <div class='slicker-instaG-backg-link'>\n\n                        <div class='slicker-instaG-photoshadow'><\/div>\n                    <\/div>\n                        <div class=\"fts-insta-likes-comments-grab-popup\">\n\n                            <div class=\"fts-share-wrap\"><a href=\"javascript:;\" class=\"ft-gallery-link-popup\" title=\"Options de partage social\"><\/a><div class=\"ft-gallery-share-wrap\"><a href=\"https:\/\/www.facebook.com\/sharer\/sharer.php?u=https:\/\/www.instagram.com\/p\/C7CEthsLuoR\/\" target=\"_blank\" rel=\"noreferrer\" class=\"ft-galleryfacebook-icon\" title=\"Partagez cette publication sur Facebook\"><i class=\"fa fa-facebook-square\"><\/i><\/a><a href=\"https:\/\/twitter.com\/intent\/tweet?text=https:\/\/www.instagram.com\/p\/C7CEthsLuoR\/+Vrijdagnamiddag en Zaterdag OPEN ! \ud83d\ude03#idealtoys #plaids #badlinnen #strandlakens #strandtassen #speelgoed #pluche #parasols #paraplus #strandstoel #windmolentje\" target=\"_blank\" rel=\"noreferrer\" class=\"ft-gallerytwitter-icon\" title=\"Partagez cette publication sur Twitter\"><i class=\"fa fa-twitter\"><\/i><\/a><a href=\"https:\/\/www.linkedin.com\/shareArticle?mini=true&amp;url=https:\/\/www.instagram.com\/p\/C7CEthsLuoR\/\" target=\"_blank\" rel=\"noreferrer\" class=\"ft-gallerylinkedin-icon\" title=\"Partager cette publication sur LinkedIn\"><i class=\"fa fa-linkedin\"><\/i><\/a><a href=\"mailto:?subject=Shared Link&amp;body=https:\/\/www.instagram.com\/p\/C7CEthsLuoR\/ - Vrijdagnamiddag en Zaterdag OPEN ! \ud83d\ude03#idealtoys #plaids #badlinnen #strandlakens #strandtassen #speelgoed #pluche #parasols #paraplus #strandstoel #windmolentje\" target=\"_blank\" rel=\"noreferrer\" class=\"ft-galleryemail-icon\" title=\"Partagez cette publication dans votre messagerie\"><i class=\"fa fa-envelope\"><\/i><\/a><\/div><\/div>                                    <div class=\"fts-instagram-reply-wrap-left\">\n                                        <ul class='slicker-heart-comments-wrap'>\n                                            <li class='slicker-instagram-image-likes'>1 <\/li>\n                                            <li class='slicker-instagram-image-comments'>\n                                                <span class=\"fts-comment-instagram\"><\/span> 0                                            <\/li>\n                                        <\/ul>\n                                    <\/div>\n                                                        <\/div>\n                <\/div>\n                                                <div class=\"slicker-instagram-placeholder fts-instagram-wrapper\" style=\"background-image:url('https:\/\/scontent-cdg4-1.cdninstagram.com\/v\/t39.30808-6\/489039007_1292156795726356_3085005151854744778_n.jpg?stp=dst-jpg_e35_tt6&#038;_nc_cat=108&#038;ccb=7-5&#038;_nc_sid=18de74&#038;efg=eyJlZmdfdGFnIjoiRkVFRC5iZXN0X2ltYWdlX3VybGdlbi5DMyJ9&#038;_nc_ohc=iGNyPAsk-BgQ7kNvwGLyyuE&#038;_nc_oc=AdoqzbO7QwOuu6aPOZHpG5tEpC26EPcHLyfUSeoEpeX9JVFRzm8YB0d6A2iAZyQfZP5rXJzjU1-U83A8zrqBpp0O&#038;_nc_zt=23&#038;_nc_ht=scontent-cdg4-1.cdninstagram.com&#038;edm=AEQ6tj4EAAAA&#038;_nc_gid=cT9xV7upmtycoEY3hcvqjw&#038;oh=00_Af2KdcgJkDU_tQe8_cvNSN3ih9bdUG3hSvooQWLMwOAmxg&#038;oe=69F2BA01')\">\n                                            <a href='https:\/\/www.instagram.com\/p\/C69VrwJtZ6b\/' title='Demain \u00e0 partir de 14h !\ud83d\ude03#idealtoys #idealshovels #toys #windmills #serviettes de plage #linge de bain #plaids' target=\"_blank\" rel=\"noreferrer\" class='fts-instagram-link-target fts-slicker-backg                         fts-instagram-img-link' style=\"height:65px !important; width:65px; line-height:65px; font-size:65px;\"><span class=\"fts-instagram-icon\" style=\"height:65px; width:65px; line-height:65px; font-size:65px;\"><\/span><\/a>\n                        \n                        <div class='slicker-date'>\n\n                            <div class=\"fts-insta-date-popup-grab\">\n                            2024\/05\/14 @ 18:09                            <\/div>\n                        <\/div>\n                    <div class='slicker-instaG-backg-link'>\n\n                        <div class='slicker-instaG-photoshadow'><\/div>\n                    <\/div>\n                        <div class=\"fts-insta-likes-comments-grab-popup\">\n\n                            <div class=\"fts-share-wrap\"><a href=\"javascript:;\" class=\"ft-gallery-link-popup\" title=\"Options de partage social\"><\/a><div class=\"ft-gallery-share-wrap\"><a href=\"https:\/\/www.facebook.com\/sharer\/sharer.php?u=https:\/\/www.instagram.com\/p\/C69VrwJtZ6b\/\" target=\"_blank\" rel=\"noreferrer\" class=\"ft-galleryfacebook-icon\" title=\"Partagez cette publication sur Facebook\"><i class=\"fa fa-facebook-square\"><\/i><\/a><a href=\"https:\/\/twitter.com\/intent\/tweet?text=https:\/\/www.instagram.com\/p\/C69VrwJtZ6b\/+Morgen vanaf 14 h !\ud83d\ude03#idealtoys #idealshovels #speelgoed #windmolentjes #strandlakens #badlinnen #plaids\" target=\"_blank\" rel=\"noreferrer\" class=\"ft-gallerytwitter-icon\" title=\"Partagez cette publication sur Twitter\"><i class=\"fa fa-twitter\"><\/i><\/a><a href=\"https:\/\/www.linkedin.com\/shareArticle?mini=true&amp;url=https:\/\/www.instagram.com\/p\/C69VrwJtZ6b\/\" target=\"_blank\" rel=\"noreferrer\" class=\"ft-gallerylinkedin-icon\" title=\"Partager cette publication sur LinkedIn\"><i class=\"fa fa-linkedin\"><\/i><\/a><a href=\"mailto:?subject=Shared Link&amp;body=https:\/\/www.instagram.com\/p\/C69VrwJtZ6b\/ - Morgen vanaf 14 h !\ud83d\ude03#idealtoys #idealshovels #speelgoed #windmolentjes #strandlakens #badlinnen #plaids\" target=\"_blank\" rel=\"noreferrer\" class=\"ft-galleryemail-icon\" title=\"Partagez cette publication dans votre messagerie\"><i class=\"fa fa-envelope\"><\/i><\/a><\/div><\/div>                                    <div class=\"fts-instagram-reply-wrap-left\">\n                                        <ul class='slicker-heart-comments-wrap'>\n                                            <li class='slicker-instagram-image-likes'>3 <\/li>\n                                            <li class='slicker-instagram-image-comments'>\n                                                <span class=\"fts-comment-instagram\"><\/span> 0                                            <\/li>\n                                        <\/ul>\n                                    <\/div>\n                                                        <\/div>\n                <\/div>\n                    <\/div>                                        <script>\n                    \/\/ This needs to load here below the feed to load properly for\n                    \/\/ Elementor page preview, and also some types of tabs that use js to load.\n                    document.addEventListener(\"DOMContentLoaded\", function(event) {\n                        if (typeof slickremixImageResizing === 'function') {\n                            slickremixImageResizing();\n                        }\n                        if (typeof ftsShare === 'function') {\n                            ftsShare();\n                        }\n                    });\n                <\/script>\n                \n<\/div><\/div><\/div><\/div><\/div><\/div><\/section>","protected":false},"excerpt":{"rendered":"2025\/12\/25 @ 12:27 2 0 2024\/12\/27 @ 11:39 3 1 2024\/09\/02 @ 8:03 0 0 2024\/05\/22 @ 7:12 1 0 2024\/05\/16 @ 14:17 1 0 2024\/05\/14 @ 18:09 3 0","protected":false},"author":1,"featured_media":0,"parent":0,"menu_order":0,"comment_status":"closed","ping_status":"closed","template":"","meta":{"_acf_changed":false,"footnotes":""},"class_list":["post-36","page","type-page","status-publish","hentry"],"acf":[],"_links":{"self":[{"href":"https:\/\/www.idealtoys.be\/fr\/wp-json\/wp\/v2\/pages\/36","targetHints":{"allow":["GET"]}}],"collection":[{"href":"https:\/\/www.idealtoys.be\/fr\/wp-json\/wp\/v2\/pages"}],"about":[{"href":"https:\/\/www.idealtoys.be\/fr\/wp-json\/wp\/v2\/types\/page"}],"author":[{"embeddable":true,"href":"https:\/\/www.idealtoys.be\/fr\/wp-json\/wp\/v2\/users\/1"}],"replies":[{"embeddable":true,"href":"https:\/\/www.idealtoys.be\/fr\/wp-json\/wp\/v2\/comments?post=36"}],"version-history":[{"count":0,"href":"https:\/\/www.idealtoys.be\/fr\/wp-json\/wp\/v2\/pages\/36\/revisions"}],"wp:attachment":[{"href":"https:\/\/www.idealtoys.be\/fr\/wp-json\/wp\/v2\/media?parent=36"}],"curies":[{"name":"wp","href":"https:\/\/api.w.org\/{rel}","templated":true}]}}