{"id":3,"date":"2022-04-13T18:58:48","date_gmt":"2022-04-13T18:58:48","guid":{"rendered":"https:\/\/new.idealtoys.be\/?page_id=3"},"modified":"2022-11-27T14:08:51","modified_gmt":"2022-11-27T14:08:51","slug":"privacy-policy","status":"publish","type":"page","link":"https:\/\/www.idealtoys.be\/fr\/privacy-policy\/","title":{"rendered":"Politique de confidentialit\u00e9"},"content":{"rendered":"<section class=\"l-section wpb_row height_medium\"><div class=\"l-section-h i-cf\"><div class=\"g-cols vc_row via_grid cols_1 laptops-cols_inherit tablets-cols_inherit mobiles-cols_1 valign_top type_default stacking_default\"><div class=\"wpb_column vc_column_container\"><div class=\"vc_column-inner\"><div class=\"wpb_text_column\"><div class=\"wpb_wrapper\"><p>Pieters poedercoating bvba, situ\u00e9 \u00e0 Tieltstraat 54 - B-8760 Meulebeke, est responsable du traitement des donn\u00e9es personnelles comme indiqu\u00e9 dans cette d\u00e9claration de confidentialit\u00e9.<\/p>\n<p>Coordonn\u00e9es de contact :<br \/>Tieltstraat 54<br \/>B-8760 Meulebeke<br \/>info@idealtoys.be<br \/>info@idealtoys.be<br \/>+32 (0)51\/486659<\/p>\n<h4 class=\"wp-block-heading\">LES DONN\u00c9ES PERSONNELLES QUE NOUS TRAITONS<\/h4>\n<p>Pieters poedercoating bvba traite vos donn\u00e9es personnelles parce que vous utilisez nos services et\/ou parce que vous nous les fournissez vous-m\u00eame:<\/p>\n<ul>\n<li>Donn\u00e9es d'identification personnelle (nom, pr\u00e9nom, adresse, adresse e-mail, num\u00e9ro de t\u00e9l\u00e9phone, pays)<\/li>\n<li>Coordonn\u00e9es (num\u00e9ro de t\u00e9l\u00e9phone, adresse \u00e9lectronique)<\/li>\n<li>Donn\u00e9es d'identification financi\u00e8re (coordonn\u00e9es bancaires)<\/li>\n<li>R\u00e9f\u00e9rences (mots de passe)<\/li>\n<\/ul>\n<h4>LES DONN\u00c9ES PERSONNELLES SP\u00c9CIALES ET\/OU SENSIBLES QUE NOUS TRAITONS<\/h4>\n<p>Notre site Web et \/ ou service n'a pas l'intention de collecter des informations sur les visiteurs du site Web \u00e2g\u00e9s de moins de 16 ans, sauf s'ils ont le consentement d'un parent ou d'un tuteur. Cependant, nous ne pouvons pas v\u00e9rifier si un visiteur a plus de 16 ans. Nous recommandons donc aux parents d'\u00eatre impliqu\u00e9s dans les activit\u00e9s en ligne de leurs enfants pour \u00e9viter de collecter des donn\u00e9es sur les enfants sans le consentement parental. Si vous pensez que nous avons collect\u00e9 des informations personnelles sur un mineur sans un tel consentement, veuillez nous contacter \u00e0 info@idealtoys.be et nous supprimerons ces informations.<\/p>\n<h4>DANS QUEL BUT ET SUR QUELLE BASE NOUS TRAITONS LES DONN\u00c9ES PERSONNELLES<\/h4>\n<p>Pieters poedercoating bvba traite vos donn\u00e9es personnelles aux fins suivantes :<\/p>\n<ul>\n<li>Traitement de votre paiement<\/li>\n<li>Envoi de notre newsletter et\/ou de notre d\u00e9pliant publicitaire<\/li>\n<li>Vous appeler ou vous envoyer un courriel lorsque cela est n\u00e9cessaire pour assurer nos services.<\/li>\n<li>vous informer des changements apport\u00e9s \u00e0 nos services et produits<\/li>\n<li>Pour vous fournir des biens et des services<\/li>\n<\/ul>\n<h4>LA PRISE DE D\u00c9CISION AUTOMATIS\u00c9E<\/h4>\n<p>Pieters poedercoating bvba ne prend pas de d\u00e9cisions bas\u00e9es sur un traitement automatis\u00e9 concernant des questions pouvant avoir des cons\u00e9quences (significatives) pour les personnes. Ce sont des d\u00e9cisions qui sont prises par des programmes ou des syst\u00e8mes informatiques, sans la pr\u00e9sence d'un \u00eatre humain (par exemple, un employ\u00e9 de Pieters poedercoating bvba).<\/p>\n<h4>LA DUR\u00c9E DE CONSERVATION DES DONN\u00c9ES PERSONNELLES<\/h4>\n<p>Nous ne conserverons pas vos informations plus longtemps que n\u00e9cessaire pour vous fournir les services que vous avez demand\u00e9s, aux fins d\u00e9crites dans la pr\u00e9sente politique et aux fins l\u00e9gales pour lesquelles nous sommes tenus de conserver les informations. Nous supprimerons en toute s\u00e9curit\u00e9 vos informations lorsqu'elles ne seront plus n\u00e9cessaires \u00e0 ces fins, conform\u00e9ment \u00e0 la politique de notre entreprise.<\/p>\n<h4>LE PARTAGE DES DONN\u00c9ES PERSONNELLES AVEC DES TIERS<\/h4>\n<p>Pieters poedercoating bvba ne fournit des informations \u00e0 des tiers que si cela est n\u00e9cessaire pour l'ex\u00e9cution de notre accord avec vous ou pour se conformer \u00e0 une obligation l\u00e9gale.<\/p>\n<h4>CONSULTER, MODIFIER OU SUPPRIMER DES DONN\u00c9ES<\/h4>\n<p>Vous avez le droit de consulter, de corriger ou de supprimer vos donn\u00e9es personnelles. Vous avez \u00e9galement le droit de retirer votre \u00e9ventuel consentement au traitement des donn\u00e9es ou de vous opposer au traitement de vos donn\u00e9es personnelles par Pieters poedercoating bvba et vous avez le droit \u00e0 la portabilit\u00e9 des donn\u00e9es. Cela signifie que vous pouvez nous soumettre une demande pour envoyer les donn\u00e9es personnelles que nous d\u00e9tenons \u00e0 votre sujet dans un fichier informatique \u00e0 vous ou \u00e0 une autre organisation d\u00e9sign\u00e9e par vous.<\/p>\n<p>Vous pouvez envoyer une demande de consultation, de rectification, de suppression, de transfert de vos donn\u00e9es personnelles ou demander le retrait de votre consentement ou de votre objection au traitement de vos donn\u00e9es personnelles \u00e0 l'adresse suivante\u00a0<a href=\"mailto:info@idealtoys.be\">info@idealtoys.be<\/a><\/p>\n<p>Pour vous assurer que la demande d'inspection est faite par vous, nous vous demandons d'envoyer une copie de votre pi\u00e8ce d'identit\u00e9 avec la demande. Sur cette copie, noircissez votre photo de passeport, la bande de chiffres au bas du passeport, le num\u00e9ro de passeport et le num\u00e9ro de registre national. C'est pour prot\u00e9ger votre vie priv\u00e9e. Nous r\u00e9pondrons \u00e0 votre demande d\u00e8s que possible, mais dans un d\u00e9lai de quatre semaines.<\/p>\n<h4>COMMENT NOUS S\u00c9CURISONS LES DONN\u00c9ES PERSONNELLES<\/h4>\n<p>Pieters poedercoating bvba prend la protection de vos donn\u00e9es au s\u00e9rieux et prend les mesures appropri\u00e9es pour pr\u00e9venir les abus, les pertes, les acc\u00e8s non autoris\u00e9s, les divulgations non d\u00e9sir\u00e9es et les modifications non autoris\u00e9es. Si vous avez l'impression que vos donn\u00e9es ne sont pas correctement s\u00e9curis\u00e9es ou s'il y a des indications d'abus, veuillez contacter notre service client ou via info@idealtoys.be.<\/p>\n<\/div><\/div><\/div><\/div><\/div><\/div><\/section>","protected":false},"excerpt":{"rendered":"Pieterspoedercoating bvba, situ\u00e9e \u00e0 Tieltstraat 54 \u2013 B-8760 Meulebeke, est responsable du traitement des donn\u00e9es personnelles comme indiqu\u00e9 dans la pr\u00e9sente d\u00e9claration de confidentialit\u00e9. Coordonn\u00e9es : Tieltstraat 54 B-8760 Meulebeke www.idealtoys.be info@idealtoys.be +32 (0) 51\/486659 DONN\u00c9ES PERSONNELLES QUE NOUS TRAITONS Pieterspoedercoating bvba traite vos donn\u00e9es personnelles parce que vous utilisez nos services et\/ou parce que vous nous les fournissez vous-m\u00eame : Donn\u00e9es d&#039;identification personnelles (nom, pr\u00e9nom,...)","protected":false},"author":1,"featured_media":0,"parent":0,"menu_order":0,"comment_status":"closed","ping_status":"open","template":"","meta":{"_acf_changed":false,"footnotes":""},"class_list":["post-3","page","type-page","status-publish","hentry"],"acf":[],"_links":{"self":[{"href":"https:\/\/www.idealtoys.be\/fr\/wp-json\/wp\/v2\/pages\/3","targetHints":{"allow":["GET"]}}],"collection":[{"href":"https:\/\/www.idealtoys.be\/fr\/wp-json\/wp\/v2\/pages"}],"about":[{"href":"https:\/\/www.idealtoys.be\/fr\/wp-json\/wp\/v2\/types\/page"}],"author":[{"embeddable":true,"href":"https:\/\/www.idealtoys.be\/fr\/wp-json\/wp\/v2\/users\/1"}],"replies":[{"embeddable":true,"href":"https:\/\/www.idealtoys.be\/fr\/wp-json\/wp\/v2\/comments?post=3"}],"version-history":[{"count":0,"href":"https:\/\/www.idealtoys.be\/fr\/wp-json\/wp\/v2\/pages\/3\/revisions"}],"wp:attachment":[{"href":"https:\/\/www.idealtoys.be\/fr\/wp-json\/wp\/v2\/media?parent=3"}],"curies":[{"name":"wp","href":"https:\/\/api.w.org\/{rel}","templated":true}]}}