{"id":1683,"date":"2023-02-12T15:27:18","date_gmt":"2023-02-12T15:27:18","guid":{"rendered":"https:\/\/www.idealtoys.be\/?page_id=1683"},"modified":"2023-02-12T15:37:55","modified_gmt":"2023-02-12T15:37:55","slug":"verzendkost-aangevraagd","status":"publish","type":"page","link":"https:\/\/www.idealtoys.be\/fr\/verzendkost-aangevraagd\/","title":{"rendered":"Frais de port demand\u00e9"},"content":{"rendered":"<section class=\"l-section wpb_row height_medium\"><div class=\"l-section-h i-cf\"><div class=\"g-cols vc_row via_grid cols_1 laptops-cols_inherit tablets-cols_inherit mobiles-cols_1 valign_top type_default stacking_default\"><div class=\"wpb_column vc_column_container\"><div class=\"vc_column-inner\"><h3 style=\"text-align: left\" class=\"vc_custom_heading vc_do_custom_heading us_custom_cda6f729\" >Frais de port demand\u00e9<\/h3><div class=\"wpb_text_column\"><div class=\"wpb_wrapper\"><p>Vos frais de port pour votre commande ont \u00e9t\u00e9 demand\u00e9s. Nous les calculons d\u00e8s que possible. Vous recevrez un e-mail lorsque les frais de port auront \u00e9t\u00e9 calcul\u00e9s. Apr\u00e8s cela, vous pouvez poursuivre votre commande.<\/p>\n<p>Merci<\/p>\n<p>Idealtoys<\/p>\n<\/div><\/div><\/div><\/div><\/div><\/div><\/section>","protected":false},"excerpt":{"rendered":"Verzendkost aangevraagdJe verzendkost voor je bestelling werd aangevraagd. We berekenen deze zo snel mogelijk. Je krijgt een e-mail wanneer de verzendkost is berekend. Hierna kan je doorgaan met je bestelling. Dank Idealtoys","protected":false},"author":1,"featured_media":0,"parent":0,"menu_order":0,"comment_status":"closed","ping_status":"closed","template":"","meta":{"_acf_changed":false,"footnotes":""},"class_list":["post-1683","page","type-page","status-publish","hentry"],"acf":[],"_links":{"self":[{"href":"https:\/\/www.idealtoys.be\/fr\/wp-json\/wp\/v2\/pages\/1683","targetHints":{"allow":["GET"]}}],"collection":[{"href":"https:\/\/www.idealtoys.be\/fr\/wp-json\/wp\/v2\/pages"}],"about":[{"href":"https:\/\/www.idealtoys.be\/fr\/wp-json\/wp\/v2\/types\/page"}],"author":[{"embeddable":true,"href":"https:\/\/www.idealtoys.be\/fr\/wp-json\/wp\/v2\/users\/1"}],"replies":[{"embeddable":true,"href":"https:\/\/www.idealtoys.be\/fr\/wp-json\/wp\/v2\/comments?post=1683"}],"version-history":[{"count":0,"href":"https:\/\/www.idealtoys.be\/fr\/wp-json\/wp\/v2\/pages\/1683\/revisions"}],"wp:attachment":[{"href":"https:\/\/www.idealtoys.be\/fr\/wp-json\/wp\/v2\/media?parent=1683"}],"curies":[{"name":"wp","href":"https:\/\/api.w.org\/{rel}","templated":true}]}}