{"id":933,"date":"2022-09-02T15:57:49","date_gmt":"2022-09-02T15:57:49","guid":{"rendered":"https:\/\/new.idealtoys.be\/?post_type=product&#038;p=933"},"modified":"2026-02-04T16:44:51","modified_gmt":"2026-02-04T16:44:51","slug":"gevuld-rugzak","status":"publish","type":"product","link":"https:\/\/www.idealtoys.be\/de\/produkt\/gevuld-rugzak\/","title":{"rendered":"Ref 615 \u2013 617 Gef\u00fcllter Rucksack"},"content":{"rendered":"<p>Gef\u00fcllter Rucksack mit Eimer, Gie\u00dfkanne, Schaufel, Rechen und 2 F\u00f6rmchen. Erh\u00e4ltlich in 4 Variationen (Einhorn-Print, Surfing-Hai-Print, Lama-Print, Faultier-Print).<\/p>","protected":false},"excerpt":{"rendered":"<p>Gef\u00fcllter Rucksack mit Eimer, Gie\u00dfkanne, Schaufel, Rechen und 2 F\u00f6rmchen. Erh\u00e4ltlich in 4 Variationen (Einhorn-Print, Surfing-Hai-Print, Lama-Print, Faultier-Print).<\/p>","protected":false},"featured_media":1491,"template":"","meta":{"_acf_changed":false},"product_brand":[],"product_cat":[23],"product_tag":[],"class_list":{"0":"post-933","1":"product","2":"type-product","3":"status-publish","4":"has-post-thumbnail","6":"product_cat-strandemmers","7":"product_shipping_class-14st-per-doos","9":"first","10":"instock","11":"taxable","12":"shipping-taxable","13":"product-type-variable"},"acf":[],"_links":{"self":[{"href":"https:\/\/www.idealtoys.be\/de\/wp-json\/wp\/v2\/product\/933","targetHints":{"allow":["GET"]}}],"collection":[{"href":"https:\/\/www.idealtoys.be\/de\/wp-json\/wp\/v2\/product"}],"about":[{"href":"https:\/\/www.idealtoys.be\/de\/wp-json\/wp\/v2\/types\/product"}],"wp:featuredmedia":[{"embeddable":true,"href":"https:\/\/www.idealtoys.be\/de\/wp-json\/wp\/v2\/media\/1491"}],"wp:attachment":[{"href":"https:\/\/www.idealtoys.be\/de\/wp-json\/wp\/v2\/media?parent=933"}],"wp:term":[{"taxonomy":"product_brand","embeddable":true,"href":"https:\/\/www.idealtoys.be\/de\/wp-json\/wp\/v2\/product_brand?post=933"},{"taxonomy":"product_cat","embeddable":true,"href":"https:\/\/www.idealtoys.be\/de\/wp-json\/wp\/v2\/product_cat?post=933"},{"taxonomy":"product_tag","embeddable":true,"href":"https:\/\/www.idealtoys.be\/de\/wp-json\/wp\/v2\/product_tag?post=933"}],"curies":[{"name":"wp","href":"https:\/\/api.w.org\/{rel}","templated":true}]}}