{"id":928,"date":"2022-09-02T15:41:17","date_gmt":"2022-09-02T15:41:17","guid":{"rendered":"https:\/\/new.idealtoys.be\/?post_type=product&#038;p=928"},"modified":"2026-02-04T16:48:16","modified_gmt":"2026-02-04T16:48:16","slug":"oid8820-drone","status":"publish","type":"product","link":"https:\/\/www.idealtoys.be\/de\/produkt\/oid8820-drone\/","title":{"rendered":"OID8820 \u2013 Drohne"},"content":{"rendered":"<p>Mini-Drohne mit Handsteuerung und Infrarotsensor zur Vermeidung von Hindernissen. Vollst\u00e4ndig \u00fcber Handbewegungen steuerbar. Wiederaufladbar \u00fcber USB-Kabel. Erh\u00e4ltlich in 3 Farben (Rot, Blau, Gelb), gemischt verpackt<br \/>\nAbmessungen: 31,9 x 22,8 x 7 cm.<\/p>","protected":false},"excerpt":{"rendered":"<p>Mini-Drohne mit manueller Steuerung und Infrarotsensor zur Vermeidung von Hindernissen. Vollst\u00e4ndig \u00fcber Handbewegungen steuerbar. Wiederaufladbar \u00fcber USB-Kabel. Erh\u00e4ltlich in 3 Farben (Rot, Blau, Gelb), gemischte Verpackung. Ma\u00dfe: 31,9 x 22,8 x 7 cm.<\/p>","protected":false},"featured_media":1542,"template":"","meta":{"_acf_changed":false},"product_brand":[],"product_cat":[26],"product_tag":[],"class_list":{"0":"post-928","1":"product","2":"type-product","3":"status-publish","4":"has-post-thumbnail","6":"product_cat-indoor","7":"product_shipping_class-3st-per-doos","9":"first","10":"instock","11":"taxable","12":"shipping-taxable","13":"product-type-simple"},"acf":[],"_links":{"self":[{"href":"https:\/\/www.idealtoys.be\/de\/wp-json\/wp\/v2\/product\/928","targetHints":{"allow":["GET"]}}],"collection":[{"href":"https:\/\/www.idealtoys.be\/de\/wp-json\/wp\/v2\/product"}],"about":[{"href":"https:\/\/www.idealtoys.be\/de\/wp-json\/wp\/v2\/types\/product"}],"wp:featuredmedia":[{"embeddable":true,"href":"https:\/\/www.idealtoys.be\/de\/wp-json\/wp\/v2\/media\/1542"}],"wp:attachment":[{"href":"https:\/\/www.idealtoys.be\/de\/wp-json\/wp\/v2\/media?parent=928"}],"wp:term":[{"taxonomy":"product_brand","embeddable":true,"href":"https:\/\/www.idealtoys.be\/de\/wp-json\/wp\/v2\/product_brand?post=928"},{"taxonomy":"product_cat","embeddable":true,"href":"https:\/\/www.idealtoys.be\/de\/wp-json\/wp\/v2\/product_cat?post=928"},{"taxonomy":"product_tag","embeddable":true,"href":"https:\/\/www.idealtoys.be\/de\/wp-json\/wp\/v2\/product_tag?post=928"}],"curies":[{"name":"wp","href":"https:\/\/api.w.org\/{rel}","templated":true}]}}