{"id":904,"date":"2022-08-31T19:13:30","date_gmt":"2022-08-31T19:13:30","guid":{"rendered":"https:\/\/new.idealtoys.be\/?post_type=product&#038;p=904"},"modified":"2026-02-04T16:40:06","modified_gmt":"2026-02-04T16:40:06","slug":"oid8200-zesdelige-zandmolenset","status":"publish","type":"product","link":"https:\/\/www.idealtoys.be\/de\/produkt\/oid8200-zesdelige-zandmolenset\/","title":{"rendered":"OID8200 \u2013 Sechsteiliges Sandm\u00fchlen-Set"},"content":{"rendered":"<p>Sechsteiliges Sandm\u00fchlen-Set mit Schaufel, Rechen, Gie\u00dfkanne und 2 F\u00f6rmchen<\/p>","protected":false},"excerpt":{"rendered":"<p>Sechsteiliges Sandm\u00fchlen-Set mit Schaufel, Rechen, Gie\u00dfkanne und 2 F\u00f6rmchen<\/p>","protected":false},"featured_media":1383,"template":"","meta":{"_acf_changed":false},"product_brand":[],"product_cat":[19],"product_tag":[],"class_list":{"0":"post-904","1":"product","2":"type-product","3":"status-publish","4":"has-post-thumbnail","6":"product_cat-strandspeelgoed","7":"product_shipping_class-36st-per-doos","9":"first","10":"instock","11":"taxable","12":"shipping-taxable","13":"product-type-simple"},"acf":[],"_links":{"self":[{"href":"https:\/\/www.idealtoys.be\/de\/wp-json\/wp\/v2\/product\/904","targetHints":{"allow":["GET"]}}],"collection":[{"href":"https:\/\/www.idealtoys.be\/de\/wp-json\/wp\/v2\/product"}],"about":[{"href":"https:\/\/www.idealtoys.be\/de\/wp-json\/wp\/v2\/types\/product"}],"wp:featuredmedia":[{"embeddable":true,"href":"https:\/\/www.idealtoys.be\/de\/wp-json\/wp\/v2\/media\/1383"}],"wp:attachment":[{"href":"https:\/\/www.idealtoys.be\/de\/wp-json\/wp\/v2\/media?parent=904"}],"wp:term":[{"taxonomy":"product_brand","embeddable":true,"href":"https:\/\/www.idealtoys.be\/de\/wp-json\/wp\/v2\/product_brand?post=904"},{"taxonomy":"product_cat","embeddable":true,"href":"https:\/\/www.idealtoys.be\/de\/wp-json\/wp\/v2\/product_cat?post=904"},{"taxonomy":"product_tag","embeddable":true,"href":"https:\/\/www.idealtoys.be\/de\/wp-json\/wp\/v2\/product_tag?post=904"}],"curies":[{"name":"wp","href":"https:\/\/api.w.org\/{rel}","templated":true}]}}