{"id":854,"date":"2022-08-23T15:32:41","date_gmt":"2022-08-23T15:32:41","guid":{"rendered":"https:\/\/new.idealtoys.be\/?post_type=product&#038;p=854"},"modified":"2025-05-26T16:56:12","modified_gmt":"2025-05-26T16:56:12","slug":"oid8050-vijfdelige-emmerset","status":"publish","type":"product","link":"https:\/\/www.idealtoys.be\/de\/produkt\/oid8050-vijfdelige-emmerset\/","title":{"rendered":"OID8050 \u2013 F\u00fcnfteiliges Eimerset"},"content":{"rendered":"<p>F\u00fcnfteiliges Eimerset mit orangefarbenem Eimer, Schaufel, Rakel, Gie\u00dfkanne und 1 Figur. Der Eimer hat einen Aufdruck eines Krokodils\/Tigers oder Pandas (gemischt verpackt in einer Box)<\/p>","protected":false},"excerpt":{"rendered":"<p>F\u00fcnfteiliges Eimerset mit orangefarbenem Eimer, Schaufel, Rakel, Gie\u00dfkanne und 1 Figur. Der Eimer hat einen Aufdruck eines Krokodils\/Tigers oder Pandas (gemischt verpackt in einer Box)<\/p>","protected":false},"featured_media":1411,"template":"","meta":{"_acf_changed":false},"product_brand":[],"product_cat":[23],"product_tag":[],"class_list":{"0":"post-854","1":"product","2":"type-product","3":"status-publish","4":"has-post-thumbnail","6":"product_cat-strandemmers","7":"product_shipping_class-30st-per-doos","9":"first","10":"instock","11":"taxable","12":"shipping-taxable","13":"product-type-simple"},"acf":[],"_links":{"self":[{"href":"https:\/\/www.idealtoys.be\/de\/wp-json\/wp\/v2\/product\/854","targetHints":{"allow":["GET"]}}],"collection":[{"href":"https:\/\/www.idealtoys.be\/de\/wp-json\/wp\/v2\/product"}],"about":[{"href":"https:\/\/www.idealtoys.be\/de\/wp-json\/wp\/v2\/types\/product"}],"wp:featuredmedia":[{"embeddable":true,"href":"https:\/\/www.idealtoys.be\/de\/wp-json\/wp\/v2\/media\/1411"}],"wp:attachment":[{"href":"https:\/\/www.idealtoys.be\/de\/wp-json\/wp\/v2\/media?parent=854"}],"wp:term":[{"taxonomy":"product_brand","embeddable":true,"href":"https:\/\/www.idealtoys.be\/de\/wp-json\/wp\/v2\/product_brand?post=854"},{"taxonomy":"product_cat","embeddable":true,"href":"https:\/\/www.idealtoys.be\/de\/wp-json\/wp\/v2\/product_cat?post=854"},{"taxonomy":"product_tag","embeddable":true,"href":"https:\/\/www.idealtoys.be\/de\/wp-json\/wp\/v2\/product_tag?post=854"}],"curies":[{"name":"wp","href":"https:\/\/api.w.org\/{rel}","templated":true}]}}