{"id":847,"date":"2022-08-18T17:24:29","date_gmt":"2022-08-18T17:24:29","guid":{"rendered":"https:\/\/new.idealtoys.be\/?post_type=product&#038;p=847"},"modified":"2026-02-04T15:18:47","modified_gmt":"2026-02-04T15:18:47","slug":"art-51-zeus","status":"publish","type":"product","link":"https:\/\/www.idealtoys.be\/de\/produkt\/art-51-zeus\/","title":{"rendered":"Ref 121 \u2013 Kunst 51 Zeus"},"content":{"rendered":"<p>Riesige Windm\u00fchle aus Kunststoff mit einem Aluminiumstab von 255 cm L\u00e4nge. Diese Windm\u00fchlen sind in mehreren Farben erh\u00e4ltlich<\/p>","protected":false},"excerpt":{"rendered":"<p>Riesige Windm\u00fchle aus Kunststoff mit einem Aluminiumstab von 255 cm L\u00e4nge. Diese Windm\u00fchlen sind in mehreren Farben erh\u00e4ltlich<\/p>","protected":false},"featured_media":1251,"template":"","meta":{"_acf_changed":false},"product_brand":[],"product_cat":[20],"product_tag":[],"class_list":{"0":"post-847","1":"product","2":"type-product","3":"status-publish","4":"has-post-thumbnail","6":"product_cat-windmolens","7":"product_shipping_class-1st-per-doos","9":"first","10":"outofstock","11":"taxable","12":"shipping-taxable","13":"product-type-simple"},"acf":[],"_links":{"self":[{"href":"https:\/\/www.idealtoys.be\/de\/wp-json\/wp\/v2\/product\/847","targetHints":{"allow":["GET"]}}],"collection":[{"href":"https:\/\/www.idealtoys.be\/de\/wp-json\/wp\/v2\/product"}],"about":[{"href":"https:\/\/www.idealtoys.be\/de\/wp-json\/wp\/v2\/types\/product"}],"wp:featuredmedia":[{"embeddable":true,"href":"https:\/\/www.idealtoys.be\/de\/wp-json\/wp\/v2\/media\/1251"}],"wp:attachment":[{"href":"https:\/\/www.idealtoys.be\/de\/wp-json\/wp\/v2\/media?parent=847"}],"wp:term":[{"taxonomy":"product_brand","embeddable":true,"href":"https:\/\/www.idealtoys.be\/de\/wp-json\/wp\/v2\/product_brand?post=847"},{"taxonomy":"product_cat","embeddable":true,"href":"https:\/\/www.idealtoys.be\/de\/wp-json\/wp\/v2\/product_cat?post=847"},{"taxonomy":"product_tag","embeddable":true,"href":"https:\/\/www.idealtoys.be\/de\/wp-json\/wp\/v2\/product_tag?post=847"}],"curies":[{"name":"wp","href":"https:\/\/api.w.org\/{rel}","templated":true}]}}