{"id":837,"date":"2022-08-18T16:58:12","date_gmt":"2022-08-18T16:58:12","guid":{"rendered":"https:\/\/new.idealtoys.be\/?post_type=product&#038;p=837"},"modified":"2026-02-04T15:22:41","modified_gmt":"2026-02-04T15:22:41","slug":"art-51-jumbo","status":"publish","type":"product","link":"https:\/\/www.idealtoys.be\/de\/produkt\/art-51-jumbo\/","title":{"rendered":"Ref Art 51 Jumbo"},"content":{"rendered":"<p>Windm\u00fchlen aus Kunststoff mit einem 110 cm langen Holzstab. Diese Windm\u00fchlen gibt es in 2 Varianten:<\/p>\n<ul>\n<li>Mehrfarbig<\/li>\n<li>Wei\u00df<\/li>\n<\/ul>","protected":false},"excerpt":{"rendered":"<p>Windm\u00fchlen aus Kunststoff mit einem 110 cm langen Holzstab. Diese Windm\u00fchlen sind in 2 Varianten erh\u00e4ltlich: Mehrfarbig Wei\u00df<\/p>","protected":false},"featured_media":1243,"template":"","meta":{"_acf_changed":false},"product_brand":[],"product_cat":[20],"product_tag":[],"class_list":{"0":"post-837","1":"product","2":"type-product","3":"status-publish","4":"has-post-thumbnail","6":"product_cat-windmolens","7":"product_shipping_class-15st-per-doos","9":"first","10":"instock","11":"taxable","12":"shipping-taxable","13":"product-type-variable"},"acf":[],"_links":{"self":[{"href":"https:\/\/www.idealtoys.be\/de\/wp-json\/wp\/v2\/product\/837","targetHints":{"allow":["GET"]}}],"collection":[{"href":"https:\/\/www.idealtoys.be\/de\/wp-json\/wp\/v2\/product"}],"about":[{"href":"https:\/\/www.idealtoys.be\/de\/wp-json\/wp\/v2\/types\/product"}],"wp:featuredmedia":[{"embeddable":true,"href":"https:\/\/www.idealtoys.be\/de\/wp-json\/wp\/v2\/media\/1243"}],"wp:attachment":[{"href":"https:\/\/www.idealtoys.be\/de\/wp-json\/wp\/v2\/media?parent=837"}],"wp:term":[{"taxonomy":"product_brand","embeddable":true,"href":"https:\/\/www.idealtoys.be\/de\/wp-json\/wp\/v2\/product_brand?post=837"},{"taxonomy":"product_cat","embeddable":true,"href":"https:\/\/www.idealtoys.be\/de\/wp-json\/wp\/v2\/product_cat?post=837"},{"taxonomy":"product_tag","embeddable":true,"href":"https:\/\/www.idealtoys.be\/de\/wp-json\/wp\/v2\/product_tag?post=837"}],"curies":[{"name":"wp","href":"https:\/\/api.w.org\/{rel}","templated":true}]}}