{"id":831,"date":"2022-08-18T16:50:22","date_gmt":"2022-08-18T16:50:22","guid":{"rendered":"https:\/\/new.idealtoys.be\/?post_type=product&#038;p=831"},"modified":"2026-02-04T16:16:35","modified_gmt":"2026-02-04T16:16:35","slug":"art-51b","status":"publish","type":"product","link":"https:\/\/www.idealtoys.be\/de\/produkt\/art-51b\/","title":{"rendered":"Ref Art. 51B"},"content":{"rendered":"<p>Windm\u00fchlen aus Kunststoff mit einem Holzstab von 58 cm L\u00e4nge. Diese Windm\u00fchlen sind in 2 Varianten erh\u00e4ltlich:<\/p>\n<ul>\n<li>Mehrfarbig<\/li>\n<li>Wei\u00df<\/li>\n<\/ul>","protected":false},"excerpt":{"rendered":"<p>Plastieken windmolens met een houten stok van 58cm lengte. Deze windmolens zijn in 2 variaties beschikbaar: Multicolor Wit<\/p>","protected":false},"featured_media":1253,"template":"","meta":{"_acf_changed":false},"product_brand":[],"product_cat":[20],"product_tag":[],"class_list":{"0":"post-831","1":"product","2":"type-product","3":"status-publish","4":"has-post-thumbnail","6":"product_cat-windmolens","7":"product_shipping_class-36st-per-doos","9":"first","10":"instock","11":"taxable","12":"shipping-taxable","13":"product-type-variable"},"acf":[],"_links":{"self":[{"href":"https:\/\/www.idealtoys.be\/de\/wp-json\/wp\/v2\/product\/831","targetHints":{"allow":["GET"]}}],"collection":[{"href":"https:\/\/www.idealtoys.be\/de\/wp-json\/wp\/v2\/product"}],"about":[{"href":"https:\/\/www.idealtoys.be\/de\/wp-json\/wp\/v2\/types\/product"}],"wp:featuredmedia":[{"embeddable":true,"href":"https:\/\/www.idealtoys.be\/de\/wp-json\/wp\/v2\/media\/1253"}],"wp:attachment":[{"href":"https:\/\/www.idealtoys.be\/de\/wp-json\/wp\/v2\/media?parent=831"}],"wp:term":[{"taxonomy":"product_brand","embeddable":true,"href":"https:\/\/www.idealtoys.be\/de\/wp-json\/wp\/v2\/product_brand?post=831"},{"taxonomy":"product_cat","embeddable":true,"href":"https:\/\/www.idealtoys.be\/de\/wp-json\/wp\/v2\/product_cat?post=831"},{"taxonomy":"product_tag","embeddable":true,"href":"https:\/\/www.idealtoys.be\/de\/wp-json\/wp\/v2\/product_tag?post=831"}],"curies":[{"name":"wp","href":"https:\/\/api.w.org\/{rel}","templated":true}]}}