{"id":805,"date":"2022-08-15T17:29:25","date_gmt":"2022-08-15T17:29:25","guid":{"rendered":"https:\/\/new.idealtoys.be\/?post_type=product&#038;p=805"},"modified":"2023-01-26T17:22:33","modified_gmt":"2023-01-26T17:22:33","slug":"schoppenrek-met-7-haken","status":"publish","type":"product","link":"https:\/\/www.idealtoys.be\/de\/produkt\/schoppenrek-met-7-haken\/","title":{"rendered":"Spatenhalter mit 7 Haken"},"content":{"rendered":"<p>Praktischer St\u00e4nder, an dem die Holzschaufeln zum Verkauf aufgeh\u00e4ngt werden k\u00f6nnen.<\/p>\n<div id=\"ConnectiveDocSignExtentionInstalled\" data-extension-version=\"1.0.4\"><\/div>","protected":false},"excerpt":{"rendered":"<p>&nbsp;<\/p>\n<div id=\"ConnectiveDocSignExtentionInstalled\" data-extension-version=\"1.0.4\"><\/div>","protected":false},"featured_media":1437,"template":"","meta":{"_acf_changed":false},"product_brand":[],"product_cat":[28,29,16],"product_tag":[],"class_list":{"0":"post-805","1":"product","2":"type-product","3":"status-publish","4":"has-post-thumbnail","6":"product_cat-metaal","7":"product_cat-plastiek","8":"product_cat-strandschopjes","10":"first","11":"instock","12":"taxable","13":"shipping-taxable","14":"product-type-simple"},"acf":[],"_links":{"self":[{"href":"https:\/\/www.idealtoys.be\/de\/wp-json\/wp\/v2\/product\/805","targetHints":{"allow":["GET"]}}],"collection":[{"href":"https:\/\/www.idealtoys.be\/de\/wp-json\/wp\/v2\/product"}],"about":[{"href":"https:\/\/www.idealtoys.be\/de\/wp-json\/wp\/v2\/types\/product"}],"wp:featuredmedia":[{"embeddable":true,"href":"https:\/\/www.idealtoys.be\/de\/wp-json\/wp\/v2\/media\/1437"}],"wp:attachment":[{"href":"https:\/\/www.idealtoys.be\/de\/wp-json\/wp\/v2\/media?parent=805"}],"wp:term":[{"taxonomy":"product_brand","embeddable":true,"href":"https:\/\/www.idealtoys.be\/de\/wp-json\/wp\/v2\/product_brand?post=805"},{"taxonomy":"product_cat","embeddable":true,"href":"https:\/\/www.idealtoys.be\/de\/wp-json\/wp\/v2\/product_cat?post=805"},{"taxonomy":"product_tag","embeddable":true,"href":"https:\/\/www.idealtoys.be\/de\/wp-json\/wp\/v2\/product_tag?post=805"}],"curies":[{"name":"wp","href":"https:\/\/api.w.org\/{rel}","templated":true}]}}