{"id":799,"date":"2022-08-15T16:56:56","date_gmt":"2022-08-15T16:56:56","guid":{"rendered":"https:\/\/new.idealtoys.be\/?post_type=product&#038;p=799"},"modified":"2026-02-04T15:03:11","modified_gmt":"2026-02-04T15:03:11","slug":"oid4015-recht-met-handvat","status":"publish","type":"product","link":"https:\/\/www.idealtoys.be\/de\/produkt\/oid4015-recht-met-handvat\/","title":{"rendered":"OID4015 \u2013 Gerade mit Griff"},"content":{"rendered":"<p>Kunststoffschaufeln mit geradem Blatt und Holzstiel von 70 cm L\u00e4nge. Diese Schaufeln sind in den Farben Rot, Blau, Gelb, Gr\u00fcn, Pink (Mischverpackung) erh\u00e4ltlich:<\/p>\n<ul>\n<li>Rot: 6 St\u00fcck<\/li>\n<li>Blau: 6 St\u00fcck<\/li>\n<li>Gelb: 4St<\/li>\n<li>Gr\u00fcn: 4St<\/li>\n<li>Rosa: 4 St\u00fcck<\/li>\n<\/ul>\n<div id=\"ConnectiveDocSignExtentionInstalled\" data-extension-version=\"1.0.4\"><\/div>","protected":false},"excerpt":{"rendered":"<p>&nbsp;<\/p>\n<div id=\"ConnectiveDocSignExtentionInstalled\" data-extension-version=\"1.0.4\"><\/div>","protected":false},"featured_media":1221,"template":"","meta":{"_acf_changed":false},"product_brand":[],"product_cat":[29,16],"product_tag":[],"class_list":{"0":"post-799","1":"product","2":"type-product","3":"status-publish","4":"has-post-thumbnail","6":"product_cat-plastiek","7":"product_cat-strandschopjes","8":"product_shipping_class-20st-per-doos","10":"first","11":"instock","12":"taxable","13":"shipping-taxable","14":"product-type-simple"},"acf":[],"_links":{"self":[{"href":"https:\/\/www.idealtoys.be\/de\/wp-json\/wp\/v2\/product\/799","targetHints":{"allow":["GET"]}}],"collection":[{"href":"https:\/\/www.idealtoys.be\/de\/wp-json\/wp\/v2\/product"}],"about":[{"href":"https:\/\/www.idealtoys.be\/de\/wp-json\/wp\/v2\/types\/product"}],"wp:featuredmedia":[{"embeddable":true,"href":"https:\/\/www.idealtoys.be\/de\/wp-json\/wp\/v2\/media\/1221"}],"wp:attachment":[{"href":"https:\/\/www.idealtoys.be\/de\/wp-json\/wp\/v2\/media?parent=799"}],"wp:term":[{"taxonomy":"product_brand","embeddable":true,"href":"https:\/\/www.idealtoys.be\/de\/wp-json\/wp\/v2\/product_brand?post=799"},{"taxonomy":"product_cat","embeddable":true,"href":"https:\/\/www.idealtoys.be\/de\/wp-json\/wp\/v2\/product_cat?post=799"},{"taxonomy":"product_tag","embeddable":true,"href":"https:\/\/www.idealtoys.be\/de\/wp-json\/wp\/v2\/product_tag?post=799"}],"curies":[{"name":"wp","href":"https:\/\/api.w.org\/{rel}","templated":true}]}}