{"id":781,"date":"2022-08-13T15:56:55","date_gmt":"2022-08-13T15:56:55","guid":{"rendered":"https:\/\/new.idealtoys.be\/?post_type=product&#038;p=781"},"modified":"2024-03-25T19:48:34","modified_gmt":"2024-03-25T19:48:34","slug":"oid1070-punt","status":"publish","type":"product","link":"https:\/\/www.idealtoys.be\/de\/produkt\/oid1070-punt\/","title":{"rendered":"OID1070 \u2013 Zeitraum"},"content":{"rendered":"<p>Metallschaufeln mit spitzer Klinge und Holzgriff von 70 cm L\u00e4nge. Diese Schaufeln sind in 3 Varianten erh\u00e4ltlich:<\/p>\n<ul>\n<li>Rot\/Blau (verpackt pro 6 St\u00fcck: 3 Rot und 3 Blau)<\/li>\n<li>Pink\/Gr\u00fcn (verpackt pro 6 St\u00fcck: 3 Pink und 3 Gr\u00fcn)<\/li>\n<li>Lila (verpackt zu 6 St\u00fcck)<\/li>\n<\/ul>\n<div id=\"ConnectiveDocSignExtentionInstalled\" data-extension-version=\"1.0.4\"><\/div>","protected":false},"excerpt":{"rendered":"<p>&nbsp;<\/p>\n<div id=\"ConnectiveDocSignExtentionInstalled\" data-extension-version=\"1.0.4\"><\/div>","protected":false},"featured_media":1288,"template":"","meta":{"_acf_changed":false},"product_brand":[],"product_cat":[28,16],"product_tag":[],"class_list":{"0":"post-781","1":"product","2":"type-product","3":"status-publish","4":"has-post-thumbnail","6":"product_cat-metaal","7":"product_cat-strandschopjes","8":"product_shipping_class-24st-per-doos","10":"first","11":"instock","12":"taxable","13":"shipping-taxable","14":"product-type-variable"},"acf":[],"_links":{"self":[{"href":"https:\/\/www.idealtoys.be\/de\/wp-json\/wp\/v2\/product\/781","targetHints":{"allow":["GET"]}}],"collection":[{"href":"https:\/\/www.idealtoys.be\/de\/wp-json\/wp\/v2\/product"}],"about":[{"href":"https:\/\/www.idealtoys.be\/de\/wp-json\/wp\/v2\/types\/product"}],"wp:featuredmedia":[{"embeddable":true,"href":"https:\/\/www.idealtoys.be\/de\/wp-json\/wp\/v2\/media\/1288"}],"wp:attachment":[{"href":"https:\/\/www.idealtoys.be\/de\/wp-json\/wp\/v2\/media?parent=781"}],"wp:term":[{"taxonomy":"product_brand","embeddable":true,"href":"https:\/\/www.idealtoys.be\/de\/wp-json\/wp\/v2\/product_brand?post=781"},{"taxonomy":"product_cat","embeddable":true,"href":"https:\/\/www.idealtoys.be\/de\/wp-json\/wp\/v2\/product_cat?post=781"},{"taxonomy":"product_tag","embeddable":true,"href":"https:\/\/www.idealtoys.be\/de\/wp-json\/wp\/v2\/product_tag?post=781"}],"curies":[{"name":"wp","href":"https:\/\/api.w.org\/{rel}","templated":true}]}}