{"id":768,"date":"2022-08-09T15:04:44","date_gmt":"2022-08-09T15:04:44","guid":{"rendered":"https:\/\/new.idealtoys.be\/?post_type=product&#038;p=768"},"modified":"2024-03-25T19:58:45","modified_gmt":"2024-03-25T19:58:45","slug":"oid120-recht","status":"publish","type":"product","link":"https:\/\/www.idealtoys.be\/de\/produkt\/oid120-recht\/","title":{"rendered":"OID120 \u2013 Gerade"},"content":{"rendered":"<p>Metallschaufeln mit gerader Klinge und Holzstiel von 120 cm L\u00e4nge. Diese Schaufeln sind in Rot und Blau erh\u00e4ltlich (verpackt zu 6 St\u00fcck: 3 Rot und 3 Blau).<\/p>\n<div id=\"ConnectiveDocSignExtentionInstalled\" data-extension-version=\"1.0.4\"><\/div>","protected":false},"excerpt":{"rendered":"<p>&nbsp;<\/p>\n<div id=\"ConnectiveDocSignExtentionInstalled\" data-extension-version=\"1.0.4\"><\/div>","protected":false},"featured_media":1264,"template":"","meta":{"_acf_changed":false},"product_brand":[],"product_cat":[28,16],"product_tag":[],"class_list":{"0":"post-768","1":"product","2":"type-product","3":"status-publish","4":"has-post-thumbnail","6":"product_cat-metaal","7":"product_cat-strandschopjes","8":"product_shipping_class-24st-per-doos","10":"first","11":"instock","12":"taxable","13":"shipping-taxable","14":"product-type-simple"},"acf":[],"_links":{"self":[{"href":"https:\/\/www.idealtoys.be\/de\/wp-json\/wp\/v2\/product\/768","targetHints":{"allow":["GET"]}}],"collection":[{"href":"https:\/\/www.idealtoys.be\/de\/wp-json\/wp\/v2\/product"}],"about":[{"href":"https:\/\/www.idealtoys.be\/de\/wp-json\/wp\/v2\/types\/product"}],"wp:featuredmedia":[{"embeddable":true,"href":"https:\/\/www.idealtoys.be\/de\/wp-json\/wp\/v2\/media\/1264"}],"wp:attachment":[{"href":"https:\/\/www.idealtoys.be\/de\/wp-json\/wp\/v2\/media?parent=768"}],"wp:term":[{"taxonomy":"product_brand","embeddable":true,"href":"https:\/\/www.idealtoys.be\/de\/wp-json\/wp\/v2\/product_brand?post=768"},{"taxonomy":"product_cat","embeddable":true,"href":"https:\/\/www.idealtoys.be\/de\/wp-json\/wp\/v2\/product_cat?post=768"},{"taxonomy":"product_tag","embeddable":true,"href":"https:\/\/www.idealtoys.be\/de\/wp-json\/wp\/v2\/product_tag?post=768"}],"curies":[{"name":"wp","href":"https:\/\/api.w.org\/{rel}","templated":true}]}}