{"id":763,"date":"2022-08-09T14:45:44","date_gmt":"2022-08-09T14:45:44","guid":{"rendered":"https:\/\/new.idealtoys.be\/?post_type=product&#038;p=763"},"modified":"2024-03-25T18:18:48","modified_gmt":"2024-03-25T18:18:48","slug":"oidp080-recht-met-piraten-sticker","status":"publish","type":"product","link":"https:\/\/www.idealtoys.be\/de\/produkt\/oidp080-recht-met-piraten-sticker\/","title":{"rendered":"OIDP080 \u2013 Gerade mit Piratenaufkleber"},"content":{"rendered":"<p>Metallschaufeln mit gerader Klinge und Holzstiel von 80 cm L\u00e4nge mit Piratenaufkleber. Diese Schaufeln sind in schwarzer Farbe erh\u00e4ltlich und werden zu 6 St\u00fcck verpackt<\/p>\n<p>&nbsp;<\/p>\n<div id=\"ConnectiveDocSignExtentionInstalled\" data-extension-version=\"1.0.4\"><\/div>","protected":false},"excerpt":{"rendered":"<p>&nbsp;<\/p>\n<div id=\"ConnectiveDocSignExtentionInstalled\" data-extension-version=\"1.0.4\"><\/div>","protected":false},"featured_media":1266,"template":"","meta":{"_acf_changed":false},"product_brand":[],"product_cat":[28],"product_tag":[],"class_list":{"0":"post-763","1":"product","2":"type-product","3":"status-publish","4":"has-post-thumbnail","6":"product_cat-metaal","7":"product_shipping_class-24st-per-doos","9":"first","10":"instock","11":"taxable","12":"shipping-taxable","13":"product-type-simple"},"acf":[],"_links":{"self":[{"href":"https:\/\/www.idealtoys.be\/de\/wp-json\/wp\/v2\/product\/763","targetHints":{"allow":["GET"]}}],"collection":[{"href":"https:\/\/www.idealtoys.be\/de\/wp-json\/wp\/v2\/product"}],"about":[{"href":"https:\/\/www.idealtoys.be\/de\/wp-json\/wp\/v2\/types\/product"}],"wp:featuredmedia":[{"embeddable":true,"href":"https:\/\/www.idealtoys.be\/de\/wp-json\/wp\/v2\/media\/1266"}],"wp:attachment":[{"href":"https:\/\/www.idealtoys.be\/de\/wp-json\/wp\/v2\/media?parent=763"}],"wp:term":[{"taxonomy":"product_brand","embeddable":true,"href":"https:\/\/www.idealtoys.be\/de\/wp-json\/wp\/v2\/product_brand?post=763"},{"taxonomy":"product_cat","embeddable":true,"href":"https:\/\/www.idealtoys.be\/de\/wp-json\/wp\/v2\/product_cat?post=763"},{"taxonomy":"product_tag","embeddable":true,"href":"https:\/\/www.idealtoys.be\/de\/wp-json\/wp\/v2\/product_tag?post=763"}],"curies":[{"name":"wp","href":"https:\/\/api.w.org\/{rel}","templated":true}]}}