{"id":753,"date":"2022-08-01T19:50:01","date_gmt":"2022-08-01T19:50:01","guid":{"rendered":"https:\/\/new.idealtoys.be\/?post_type=product&#038;p=753"},"modified":"2024-03-25T19:50:28","modified_gmt":"2024-03-25T19:50:28","slug":"oidv080-recht-met-voetbalsticker","status":"publish","type":"product","link":"https:\/\/www.idealtoys.be\/de\/produkt\/oidv080-recht-met-voetbalsticker\/","title":{"rendered":"OIDV080 \u2013 Gerade mit Fu\u00dfballaufkleber"},"content":{"rendered":"<p>Metallschaufeln mit gerader Klinge und Holzstiel von 80 cm L\u00e4nge mit Fu\u00dfballaufkleber. Diese Schaufeln sind in 2 Varianten erh\u00e4ltlich:<\/p>\n<ul>\n<li>Rot (verpackt zu 6 St\u00fcck)<\/li>\n<li>Orange (verpackt zu 6 St\u00fcck)<\/li>\n<\/ul>\n<div id=\"ConnectiveDocSignExtentionInstalled\" data-extension-version=\"1.0.4\"><\/div>","protected":false},"excerpt":{"rendered":"<p>&nbsp;<\/p>\n<div id=\"ConnectiveDocSignExtentionInstalled\" data-extension-version=\"1.0.4\"><\/div>","protected":false},"featured_media":1265,"template":"","meta":{"_acf_changed":false},"product_brand":[],"product_cat":[28,16],"product_tag":[],"class_list":{"0":"post-753","1":"product","2":"type-product","3":"status-publish","4":"has-post-thumbnail","6":"product_cat-metaal","7":"product_cat-strandschopjes","8":"product_shipping_class-24st-per-doos","10":"first","11":"instock","12":"taxable","13":"shipping-taxable","14":"product-type-variable"},"acf":[],"_links":{"self":[{"href":"https:\/\/www.idealtoys.be\/de\/wp-json\/wp\/v2\/product\/753","targetHints":{"allow":["GET"]}}],"collection":[{"href":"https:\/\/www.idealtoys.be\/de\/wp-json\/wp\/v2\/product"}],"about":[{"href":"https:\/\/www.idealtoys.be\/de\/wp-json\/wp\/v2\/types\/product"}],"wp:featuredmedia":[{"embeddable":true,"href":"https:\/\/www.idealtoys.be\/de\/wp-json\/wp\/v2\/media\/1265"}],"wp:attachment":[{"href":"https:\/\/www.idealtoys.be\/de\/wp-json\/wp\/v2\/media?parent=753"}],"wp:term":[{"taxonomy":"product_brand","embeddable":true,"href":"https:\/\/www.idealtoys.be\/de\/wp-json\/wp\/v2\/product_brand?post=753"},{"taxonomy":"product_cat","embeddable":true,"href":"https:\/\/www.idealtoys.be\/de\/wp-json\/wp\/v2\/product_cat?post=753"},{"taxonomy":"product_tag","embeddable":true,"href":"https:\/\/www.idealtoys.be\/de\/wp-json\/wp\/v2\/product_tag?post=753"}],"curies":[{"name":"wp","href":"https:\/\/api.w.org\/{rel}","templated":true}]}}