{"id":2048,"date":"2026-02-23T16:09:46","date_gmt":"2026-02-23T16:09:46","guid":{"rendered":"https:\/\/www.idealtoys.be\/?post_type=product&#038;p=2048"},"modified":"2026-02-23T16:12:44","modified_gmt":"2026-02-23T16:12:44","slug":"ref-255-kinderpet-stitch-pink","status":"publish","type":"product","link":"https:\/\/www.idealtoys.be\/de\/produkt\/ref-255-kinderpet-stitch-pink\/","title":{"rendered":"Ref. 255 \u2013 Kinderm\u00fctze Stitch \u2013 rosa"},"content":{"rendered":"<section class=\"l-section wpb_row height_medium\"><div class=\"l-section-h i-cf\"><div class=\"g-cols vc_row via_grid cols_1 laptops-cols_inherit tablets-cols_inherit mobiles-cols_1 valign_top type_default stacking_default\"><div class=\"wpb_column vc_column_container\"><div class=\"vc_column-inner\"><div class=\"wpb_text_column\"><div class=\"wpb_wrapper\"><p>Kinderm\u00fctze mit Stitch-Aufdruck, verpackt in 8er-Packungen, 4 x Gr\u00f6\u00dfe 52 und 4 x Gr\u00f6\u00dfe 54<\/p>\n<\/div><\/div><\/div><\/div><\/div><\/div><\/section>","protected":false},"excerpt":{"rendered":"Kinderm\u00fctze mit Stitch-Aufdruck, verpackt in 8er-Packungen, 4 x Gr\u00f6\u00dfe 52 und 4 x Gr\u00f6\u00dfe 54","protected":false},"featured_media":2035,"template":"","meta":{"_acf_changed":false},"product_brand":[],"product_cat":[200],"product_tag":[],"class_list":{"0":"post-2048","1":"product","2":"type-product","3":"status-publish","4":"has-post-thumbnail","6":"product_cat-kinderpetten","8":"first","9":"instock","10":"taxable","11":"shipping-taxable","12":"product-type-simple"},"acf":[],"_links":{"self":[{"href":"https:\/\/www.idealtoys.be\/de\/wp-json\/wp\/v2\/product\/2048","targetHints":{"allow":["GET"]}}],"collection":[{"href":"https:\/\/www.idealtoys.be\/de\/wp-json\/wp\/v2\/product"}],"about":[{"href":"https:\/\/www.idealtoys.be\/de\/wp-json\/wp\/v2\/types\/product"}],"wp:featuredmedia":[{"embeddable":true,"href":"https:\/\/www.idealtoys.be\/de\/wp-json\/wp\/v2\/media\/2035"}],"wp:attachment":[{"href":"https:\/\/www.idealtoys.be\/de\/wp-json\/wp\/v2\/media?parent=2048"}],"wp:term":[{"taxonomy":"product_brand","embeddable":true,"href":"https:\/\/www.idealtoys.be\/de\/wp-json\/wp\/v2\/product_brand?post=2048"},{"taxonomy":"product_cat","embeddable":true,"href":"https:\/\/www.idealtoys.be\/de\/wp-json\/wp\/v2\/product_cat?post=2048"},{"taxonomy":"product_tag","embeddable":true,"href":"https:\/\/www.idealtoys.be\/de\/wp-json\/wp\/v2\/product_tag?post=2048"}],"curies":[{"name":"wp","href":"https:\/\/api.w.org\/{rel}","templated":true}]}}