{"id":433,"date":"2022-05-29T18:00:51","date_gmt":"2022-05-29T18:00:51","guid":{"rendered":"https:\/\/new.idealtoys.be\/?page_id=433"},"modified":"2022-11-19T18:33:38","modified_gmt":"2022-11-19T18:33:38","slug":"login-aanvragen","status":"publish","type":"page","link":"https:\/\/www.idealtoys.be\/de\/login-aanvragen\/","title":{"rendered":"Fordern Sie Ihr Login an"},"content":{"rendered":"<section class=\"l-section wpb_row height_medium\"><div class=\"l-section-h i-cf\"><div class=\"g-cols vc_row via_grid cols_2 laptops-cols_inherit tablets-cols_inherit mobiles-cols_1 valign_top type_default reversed stacking_default\"><div class=\"wpb_column vc_column_container\"><div class=\"vc_column-inner\"><div class=\"wpb_text_column\"><div class=\"wpb_wrapper\">\n<div class=\"wpcf7 no-js\" id=\"wpcf7-f435-o1\" lang=\"nl-BE\" dir=\"ltr\" data-wpcf7-id=\"435\">\n<div class=\"screen-reader-response\"><p role=\"status\" aria-live=\"polite\" aria-atomic=\"true\"><\/p> <ul><\/ul><\/div>\n<form action=\"\/de\/wp-json\/wp\/v2\/pages\/433#wpcf7-f435-o1\" method=\"post\" class=\"wpcf7-form init form-with-animated-labels\" aria-label=\"Kontaktformular\" novalidate=\"novalidate\" data-status=\"init\" data-trp-original-action=\"\/de\/wp-json\/wp\/v2\/pages\/433#wpcf7-f435-o1\">\n<fieldset class=\"hidden-fields-container\"><input type=\"hidden\" name=\"_wpcf7\" value=\"435\" \/><input type=\"hidden\" name=\"_wpcf7_version\" value=\"6.1.5\" \/><input type=\"hidden\" name=\"_wpcf7_locale\" value=\"nl_BE\" \/><input type=\"hidden\" name=\"_wpcf7_unit_tag\" value=\"wpcf7-f435-o1\" \/><input type=\"hidden\" name=\"_wpcf7_container_post\" value=\"0\" \/><input type=\"hidden\" name=\"_wpcf7_posted_data_hash\" value=\"\" \/><input type=\"hidden\" name=\"_wpcf7_recaptcha_response\" value=\"\" \/>\n<\/fieldset>\n<ul>\n<div class=\"row\">\n<div class=\"block\">\n<li class=\"form-wrapper\">\n    <span class=\"wpcf7-form-control-wrap\" data-name=\"Voornaam\"><input size=\"40\" maxlength=\"400\" class=\"wpcf7-form-control wpcf7-text wpcf7-validates-as-required\" id=\"Voornaam\" aria-required=\"true\" aria-invalid=\"false\" value=\"\" type=\"text\" name=\"Voornaam\" \/><\/span>\n    <label for=\"Voornaam\">Vorname<\/label>\n  <\/li>\n<\/div>\n<div class=\"block\">\n  <li class=\"form-wrapper\">\n    <span class=\"wpcf7-form-control-wrap\" data-name=\"Naam\"><input size=\"40\" maxlength=\"400\" class=\"wpcf7-form-control wpcf7-text wpcf7-validates-as-required\" id=\"Naam\" aria-required=\"true\" aria-invalid=\"false\" value=\"\" type=\"text\" name=\"Naam\" \/><\/span>\n    <label for=\"Naam\">Name<\/label>\n  <\/li>\n<\/div>\n<\/div>\n\n<div class=\"row\">\n<div class=\"block\" style=\"width:60%;\">\n<li class=\"form-wrapper\">\n    <span class=\"wpcf7-form-control-wrap\" data-name=\"Bedrijf\"><input size=\"40\" maxlength=\"400\" class=\"wpcf7-form-control wpcf7-text wpcf7-validates-as-required\" id=\"Bedrijf\" aria-required=\"true\" aria-invalid=\"false\" value=\"\" type=\"text\" name=\"Bedrijf\" \/><\/span>\n    <label for=\"Bedrijf\">Unternehmen<\/label>\n<\/li>\n<\/div>\n<div class=\"block\" style=\"width:40%;\">\n<li class=\"form-wrapper\">\n    <span class=\"wpcf7-form-control-wrap\" data-name=\"BTWnr\"><input size=\"40\" maxlength=\"400\" class=\"wpcf7-form-control wpcf7-text wpcf7-validates-as-required\" id=\"BTWnr\" aria-required=\"true\" aria-invalid=\"false\" value=\"\" type=\"text\" name=\"BTWnr\" \/><\/span>\n    <label for=\"BTWnr\">MwSt. BExxxx.xxx.xxx<\/label>\n<\/li>\n<\/div>\n<\/div>\n<div class=\"row\">\n<div class=\"block\">\n<li class=\"form-wrapper\">\n    <span class=\"wpcf7-form-control-wrap\" data-name=\"Adres\"><input size=\"40\" maxlength=\"400\" class=\"wpcf7-form-control wpcf7-text wpcf7-validates-as-required\" id=\"Adres\" aria-required=\"true\" aria-invalid=\"false\" value=\"\" type=\"text\" name=\"Adres\" \/><\/span>\n    <label for=\"Adres\">Adresse<\/label>\n <\/li>\n<\/div>\n<\/div>\n<div class=\"row\">\n<div class=\"block\" style=\"width:40%;\">\n<li class=\"form-wrapper\">\n    <span class=\"wpcf7-form-control-wrap\" data-name=\"Postcode\"><input size=\"40\" maxlength=\"400\" class=\"wpcf7-form-control wpcf7-text wpcf7-validates-as-required\" id=\"Postcode\" aria-required=\"true\" aria-invalid=\"false\" value=\"\" type=\"text\" name=\"Postcode\" \/><\/span>\n    <label for=\"Postcode\">Postleitzahl<\/label>\n<\/li>\n<\/div>\n<div class=\"block\" style=\"width:60%;\">\n<li class=\"form-wrapper\">\n    <span class=\"wpcf7-form-control-wrap\" data-name=\"Stad\"><input size=\"40\" maxlength=\"400\" class=\"wpcf7-form-control wpcf7-text wpcf7-validates-as-required\" id=\"Stad\" aria-required=\"true\" aria-invalid=\"false\" value=\"\" type=\"text\" name=\"Stad\" \/><\/span>\n    <label for=\"Stad\">Stadt<\/label>\n<\/li>\n<\/div>\n<\/div>\n<div class=\"row\">\n<div class=\"block\">\n<li class=\"form-wrapper\">\n    <span class=\"wpcf7-form-control-wrap\" data-name=\"Email\"><input size=\"40\" maxlength=\"400\" class=\"wpcf7-form-control wpcf7-email wpcf7-validates-as-required wpcf7-text wpcf7-validates-as-email\" id=\"Email\" aria-required=\"true\" aria-invalid=\"false\" value=\"\" type=\"email\" name=\"Email\" \/><\/span>\n    <label for=\"Email\">E-mail<\/label>\n<\/li>\n<\/div>\n<\/div>\n<div class=\"row\">\n<div class=\"block\">\n<li class=\"form-wrapper\">\n    <span class=\"wpcf7-form-control-wrap\" data-name=\"Bevestigemail\"><input size=\"40\" maxlength=\"400\" class=\"wpcf7-form-control wpcf7-email wpcf7-validates-as-required wpcf7-text wpcf7-validates-as-email\" id=\"bevestigemail\" aria-required=\"true\" aria-invalid=\"false\" value=\"\" type=\"email\" name=\"Bevestigemail\" \/><\/span>\n    <label for=\"bevestigemail\">E-Mail Adresse best\u00e4tigen<\/label>\n<\/li>\n<\/div>\n<\/div>\n<div class=\"row\">\n<div class=\"block\">\n<li class=\"form-wrapper\">\n    <span class=\"wpcf7-form-control-wrap\" data-name=\"Tel\"><input size=\"40\" maxlength=\"400\" class=\"wpcf7-form-control wpcf7-tel wpcf7-validates-as-required wpcf7-text wpcf7-validates-as-tel\" id=\"tel\" aria-required=\"true\" aria-invalid=\"false\" value=\"\" type=\"tel\" name=\"Tel\" \/><\/span>\n    <label for=\"tel\">Handynummer<\/label>\n<\/li>\n<\/div>\n<\/div>\n<div class=\"row\">\n<div class=\"block\">\n<li class=\"form-wrapper form-submit-wrapper\">\n    <input class=\"wpcf7-form-control wpcf7-submit has-spinner\" type=\"submit\" value=\"Senden\" \/>\n<\/li>\n<\/div>\n<\/div>\n\n<\/ul><div class=\"wpcf7-response-output\" aria-hidden=\"true\"><\/div>\n<input type=\"hidden\" name=\"trp-form-language\" value=\"de\"\/><\/form>\n<\/div>\n\n<\/div><\/div><\/div><\/div><div class=\"wpb_column vc_column_container\"><div class=\"vc_column-inner\"><h2 style=\"text-align: left\" class=\"vc_custom_heading vc_do_custom_heading us_custom_cda6f729\" >Login anfordern<\/h2><div class=\"wpb_text_column\"><div class=\"wpb_wrapper\"><p>F\u00fcllen Sie das Formular zur Registrierung aus. Nach der Verifizierung wird ein Konto f\u00fcr Ihr Unternehmen erstellt. Eine Best\u00e4tigung wird an die angegebene E-Mail-Adresse gesendet. Danach k\u00f6nnen Sie sich einloggen und direkt mit der Bestellung beginnen.<\/p>\n<\/div><\/div><\/div><\/div><\/div><\/div><\/section>","protected":false},"excerpt":{"rendered":"Vorname Nachname Firma USt-IdNr. BExxxx.xxx.xxx Adresse Postleitzahl Ort E-Mail-Adresse E-Mail-Adresse best\u00e4tigen Telefon- oder Mobilnummer Login anfordern F\u00fcllen Sie das Formular aus, um Ihre Registrierung abzuschlie\u00dfen. Nach der \u00dcberpr\u00fcfung wird ein Account f\u00fcr Ihre Firma erstellt. Eine Best\u00e4tigung wird an die von Ihnen angegebene E-Mail-Adresse gesendet. Anschlie\u00dfend k\u00f6nnen Sie sich einloggen und sofort loslegen...","protected":false},"author":1,"featured_media":0,"parent":0,"menu_order":0,"comment_status":"closed","ping_status":"closed","template":"","meta":{"_acf_changed":false,"footnotes":""},"class_list":["post-433","page","type-page","status-publish","hentry"],"acf":[],"_links":{"self":[{"href":"https:\/\/www.idealtoys.be\/de\/wp-json\/wp\/v2\/pages\/433","targetHints":{"allow":["GET"]}}],"collection":[{"href":"https:\/\/www.idealtoys.be\/de\/wp-json\/wp\/v2\/pages"}],"about":[{"href":"https:\/\/www.idealtoys.be\/de\/wp-json\/wp\/v2\/types\/page"}],"author":[{"embeddable":true,"href":"https:\/\/www.idealtoys.be\/de\/wp-json\/wp\/v2\/users\/1"}],"replies":[{"embeddable":true,"href":"https:\/\/www.idealtoys.be\/de\/wp-json\/wp\/v2\/comments?post=433"}],"version-history":[{"count":0,"href":"https:\/\/www.idealtoys.be\/de\/wp-json\/wp\/v2\/pages\/433\/revisions"}],"wp:attachment":[{"href":"https:\/\/www.idealtoys.be\/de\/wp-json\/wp\/v2\/media?parent=433"}],"curies":[{"name":"wp","href":"https:\/\/api.w.org\/{rel}","templated":true}]}}