{"id":34,"date":"2022-04-15T14:22:38","date_gmt":"2022-04-15T14:22:38","guid":{"rendered":"https:\/\/new.idealtoys.be\/?page_id=34"},"modified":"2023-02-05T10:09:33","modified_gmt":"2023-02-05T10:09:33","slug":"over-ons","status":"publish","type":"page","link":"https:\/\/www.idealtoys.be\/de\/over-ons\/","title":{"rendered":"Wer sind wir"},"content":{"rendered":"<section class=\"l-section wpb_row height_medium\"><div class=\"l-section-h i-cf\"><div class=\"g-cols vc_row via_grid cols_1 laptops-cols_inherit tablets-cols_inherit mobiles-cols_1 valign_top type_default stacking_default\"><div class=\"wpb_column vc_column_container\"><div class=\"vc_column-inner\"><div class=\"wpb_text_column\"><div class=\"wpb_wrapper\"><p>Idealtoys is een merk van Pieters Poedercoating: een gevestigde waarde in Meulebeke. We zijn gespecialiseerd in het poederlakken van kleine metalen stukken. De poederlak installatie is volledig geautomatiseerd waardoor er in korte termijn zeer veel stukken kunnen gecoat worden. Naast deze activiteiten worden ook de typische ideal strandschopjes\u00a0 volledig in huis gemaakt.<\/p>\n<\/div><\/div><\/div><\/div><\/div><\/div><\/section><section class=\"l-section wpb_row height_medium\"><div class=\"l-section-h i-cf\"><div class=\"g-cols vc_row via_grid cols_3 laptops-cols_inherit tablets-cols_inherit mobiles-cols_1 valign_top type_default stacking_default\"><div class=\"wpb_column vc_column_container\"><div class=\"vc_column-inner\"><div class=\"w-html us_custom_7f6bd2c8 has_text_color\"><i class=\"fas fa-heart\"><\/i><\/div><div class=\"wpb_text_column\"><div class=\"wpb_wrapper\"><p>De strandschopjes van het merk Ideal zijn een klassieker aan de Belgische kust. Aan elk aspect wordt evenveel aandacht besteed:\u00a0 De aankoop van het hout voor de stelen, het lakken van het metaal, de assemblage, een correcte levering. Zowel voor grote als voor kleine hoeveelheden.<\/p>\n<\/div><\/div><\/div><\/div><div class=\"wpb_column vc_column_container\"><div class=\"vc_column-inner\"><div class=\"w-html us_custom_44a14ce2 has_text_color\"><i class=\"fas fa-cube\"><\/i><\/div><div class=\"wpb_text_column\"><div class=\"wpb_wrapper\"><p>Het volledig geautomatiseerd productieproces zorgt er voor dat het aanbod van Ideal strandschopjes groter is geworden. Er is nu meer keuze in vormen, kleuren, thema\u2019s, al dan niet personaliseren, minimum volumes.<\/p>\n<\/div><\/div><\/div><\/div><div class=\"wpb_column vc_column_container\"><div class=\"vc_column-inner\"><div class=\"w-html us_custom_cc1e7c30 has_text_color\"><i class=\"fas fa-gem\"><\/i><\/div><div class=\"wpb_text_column\"><div class=\"wpb_wrapper\"><p>Je koopt bij de Belgische producent en dat heeft alleen maar voordelen. Het vaste aanbod leveren wij uit voorraad. Specifieke bestellingen kunnen we op vraag produceren. De lijn tussen ons, zijnde de producent-leverancier, en u is altijd kort. Aarzel dus niet om ons te contacteren.<\/p>\n<\/div><\/div><\/div><\/div><\/div><\/div><\/section><section class=\"l-section wpb_row height_medium\"><div class=\"l-section-h i-cf\"><div class=\"g-cols vc_row via_grid cols_2 laptops-cols_inherit tablets-cols_inherit mobiles-cols_1 valign_top type_default stacking_default\"><div class=\"wpb_column vc_column_container\"><div class=\"vc_column-inner\"><div class=\"w-video us_custom_447bff20 align_none ratio_16x9 has_border_radius with_overlay has_iframe\" style=\"background-image:url(https:\/\/www.idealtoys.be\/wp-content\/uploads\/2022\/05\/idealmannetjes.jpeg);\" onclick=\"return {&quot;player_id&quot;:&quot;youtube-a384&quot;,&quot;player_api&quot;:&quot;\\\/\\\/www.youtube.com\\\/player_api&quot;,&quot;player_html&quot;:&quot;&lt;div id=\\&quot;youtube-a384\\&quot;&gt;&lt;\\\/div&gt;&lt;script&gt;\\r\\n\\t\\t\\twindow.USYTPlayers = ( window.USYTPlayers || { initYTFunctions: [], optionsYT: [], USYTInited: false } );\\r\\n\\t\\t\\twindow.USYTPlayers.optionsYT.push( {\\r\\n\\t\\t\\t\\tplayerID: \\&quot;youtube-a384\\&quot;,\\r\\n\\t\\t\\t\\tvideoID: \\&quot;1uKHCaCIr-E\\&quot;,\\r\\n\\t\\t\\t\\tplayerVars: {\\&quot;autoplay\\&quot;:1,\\&quot;controls\\&quot;:1,\\&quot;origin\\&quot;:\\&quot;https:\\\\\\\/\\\\\\\/www.idealtoys.be\\\\\\\/de\\&quot;,\\&quot;loop\\&quot;:0,\\&quot;mute\\&quot;:0,\\&quot;playlist\\&quot;:\\&quot;1uKHCaCIr-E\\&quot;}\\r\\n\\t\\t\\t} );\\r\\n\\t\\t\\tif ( window.USYTPlayers.USYTInited === false ) {\\r\\n\\t\\t\\t\\t\\\/\\\/ Trying to override other possible WP YT API calls if our element is used\\r\\n\\t\\t\\t\\twindow.USYTPlayers.USYTInited = true;\\r\\n\\r\\n\\t\\t\\t\\twindow.onYouTubePlayerAPIReady = function() {\\r\\n\\t\\t\\t\\t\\tfor ( var i in window.USYTPlayers.optionsYT ) {\\r\\n\\t\\t\\t\\t\\t\\tvar _playerParams = window.USYTPlayers.optionsYT[ i ];\\r\\n\\t\\t\\t\\t\\t\\t$us.YTPlayers[ _playerParams.playerID ] = new YT.Player( _playerParams.playerID, {\\r\\n\\t\\t\\t\\t\\t\\t\\tvideoId: _playerParams.videoID,\\r\\n\\t\\t\\t\\t\\t\\t\\tplayerVars: _playerParams.playerVars\\r\\n\\t\\t\\t\\t\\t\\t} );\\r\\n\\t\\t\\t\\t\\t}\\r\\n\\t\\t\\t\\t}\\r\\n\\t\\t\\t}\\r\\n\\t\\t\\tif ( !!window.YT ) {\\r\\n\\t\\t\\t\\t$us.YTPlayers[\\&quot;youtube-a384\\&quot;] = new YT.Player( \\&quot;youtube-a384\\&quot;, {\\r\\n\\t\\t\\t\\t\\tvideoId: \\&quot;1uKHCaCIr-E\\&quot;,\\r\\n\\t\\t\\t\\t\\tplayerVars: {\\&quot;autoplay\\&quot;:1,\\&quot;controls\\&quot;:1,\\&quot;origin\\&quot;:\\&quot;https:\\\\\\\/\\\\\\\/www.idealtoys.be\\\\\\\/de\\&quot;,\\&quot;loop\\&quot;:0,\\&quot;mute\\&quot;:0,\\&quot;playlist\\&quot;:\\&quot;1uKHCaCIr-E\\&quot;}\\r\\n\\t\\t\\t\\t} );\\r\\n\\t\\t\\t}\\r\\n\\t\\t&lt;\\\/script&gt;&quot;}\"><button class=\"w-video-play\" type=\"button\" aria-label=\"Wiedergeben\"><span class=\"w-video-play-icon\" style=\"font-size:1.5rem;background:rgba(0,0,0,0.5);color:#fff\"><\/span><\/button><div class=\"w-video-h\"><\/div><\/div><\/div><\/div><div class=\"wpb_column vc_column_container\"><div class=\"vc_column-inner\"><div class=\"wpb_text_column\"><div class=\"wpb_wrapper\"><p>Sinds 2018 is het aanbod uitgebreid met heel wat andere strandartikelen. Zo kun je bij idealtoys ook terecht voor strandemmers, ballen, strandlakens, strandspeelgoed en meer. We bieden zo een uitgebreid aanbod aan strandartikelen aan voor retailers.<\/p>\n<\/div><\/div><div class=\"wpb_text_column\"><div class=\"wpb_wrapper\"><p>Wens je retailer te worden? Vraag dan je login aan en start vandaag nog met bestellen van onze producten via deze website.<\/p>\n<\/div><\/div><div class=\"w-btn-wrapper align_none\"><a class=\"w-btn us-btn-style_4 us_custom_f8ed273e\" title=\"Login aanvragen\" href=\"https:\/\/www.idealtoys.be\/login-aanvragen\/\"><span class=\"w-btn-label\">Vraag je login aan<\/span><\/a><\/div><\/div><\/div><\/div><\/div><\/section><section class=\"l-section wpb_row height_medium\"><div class=\"l-section-h i-cf\"><div class=\"g-cols vc_row via_grid cols_2 laptops-cols_inherit tablets-cols_inherit mobiles-cols_1 valign_top type_default stacking_default\"><div class=\"wpb_column vc_column_container\"><div class=\"vc_column-inner\"><div class=\"w-hwrapper valign_top align_none\" style=\"--hwrapper-gap:1.2rem\"><div class=\"w-vwrapper align_none valign_top\" style=\"--vwrapper-gap:0.7rem\"><h2 style=\"text-align: left\" class=\"vc_custom_heading vc_do_custom_heading us_custom_cda6f729\" >Strandwinkel aan zee<\/h2><div class=\"wpb_text_column\"><div class=\"wpb_wrapper\"><p>Wens je onze producten als particulier te kopen? Dan kan je terecht in onze eigen winkel op de zeedijk van Blankenberge. Kom ons eens bezoeken voor fantastische dag aan zee! En wanneer het regent kan je ook van thuis uit bestellen via onze webshop voor particulieren: https:\/\/www.onlinehanddoeken.be<\/p>\n<\/div><\/div><div class=\"w-btn-wrapper align_none\"><a class=\"w-btn us-btn-style_1 us_custom_f8ed273e\" href=\"https:\/\/www.onlinehanddoeken.be\"><span class=\"w-btn-label\">Bezoek onlinehanddoeken.be<\/span><\/a><\/div><\/div><\/div><\/div><\/div><div class=\"wpb_column vc_column_container us_custom_eb849559\"><div class=\"vc_column-inner\"><div class=\"w-image us_custom_447bff20 align_none\"><div class=\"w-image-h\"><img decoding=\"async\" width=\"300\" height=\"286\" src=\"https:\/\/www.idealtoys.be\/wp-content\/uploads\/2022\/09\/idealshop-300x286.png\" class=\"attachment-medium size-medium\" alt=\"\" loading=\"lazy\" srcset=\"https:\/\/www.idealtoys.be\/wp-content\/uploads\/2022\/09\/idealshop-300x286.png 300w, https:\/\/www.idealtoys.be\/wp-content\/uploads\/2022\/09\/idealshop-1024x978.png 1024w, https:\/\/www.idealtoys.be\/wp-content\/uploads\/2022\/09\/idealshop-13x12.png 13w, https:\/\/www.idealtoys.be\/wp-content\/uploads\/2022\/09\/idealshop-50x48.png 50w, https:\/\/www.idealtoys.be\/wp-content\/uploads\/2022\/09\/idealshop-600x573.png 600w, https:\/\/www.idealtoys.be\/wp-content\/uploads\/2022\/09\/idealshop-200x191.png 200w, https:\/\/www.idealtoys.be\/wp-content\/uploads\/2022\/09\/idealshop.png 1042w\" sizes=\"auto, (max-width: 300px) 100vw, 300px\" \/><\/div><\/div><\/div><\/div><\/div><\/div><\/section>\n","protected":false},"excerpt":{"rendered":"Idealtoys ist eine Marke von Pieters Poedercoating, einem etablierten Unternehmen in Meulebeke. Wir sind spezialisiert auf die Pulverbeschichtung kleiner Metallteile. Die Pulverbeschichtungsanlage ist vollautomatisch, sodass wir in kurzer Zeit eine gro\u00dfe St\u00fcckzahl beschichten k\u00f6nnen. Neben diesen Dienstleistungen werden auch die typischen Ideal-Strandschaufeln komplett im eigenen Haus hergestellt. Die Strandschaufeln von...","protected":false},"author":1,"featured_media":0,"parent":0,"menu_order":0,"comment_status":"closed","ping_status":"closed","template":"","meta":{"_acf_changed":false,"footnotes":""},"class_list":["post-34","page","type-page","status-publish","hentry"],"acf":[],"_links":{"self":[{"href":"https:\/\/www.idealtoys.be\/de\/wp-json\/wp\/v2\/pages\/34","targetHints":{"allow":["GET"]}}],"collection":[{"href":"https:\/\/www.idealtoys.be\/de\/wp-json\/wp\/v2\/pages"}],"about":[{"href":"https:\/\/www.idealtoys.be\/de\/wp-json\/wp\/v2\/types\/page"}],"author":[{"embeddable":true,"href":"https:\/\/www.idealtoys.be\/de\/wp-json\/wp\/v2\/users\/1"}],"replies":[{"embeddable":true,"href":"https:\/\/www.idealtoys.be\/de\/wp-json\/wp\/v2\/comments?post=34"}],"version-history":[{"count":0,"href":"https:\/\/www.idealtoys.be\/de\/wp-json\/wp\/v2\/pages\/34\/revisions"}],"wp:attachment":[{"href":"https:\/\/www.idealtoys.be\/de\/wp-json\/wp\/v2\/media?parent=34"}],"curies":[{"name":"wp","href":"https:\/\/api.w.org\/{rel}","templated":true}]}}