{"id":3,"date":"2022-04-13T18:58:48","date_gmt":"2022-04-13T18:58:48","guid":{"rendered":"https:\/\/new.idealtoys.be\/?page_id=3"},"modified":"2022-11-27T14:08:51","modified_gmt":"2022-11-27T14:08:51","slug":"privacy-policy","status":"publish","type":"page","link":"https:\/\/www.idealtoys.be\/de\/privacy-policy\/","title":{"rendered":"Datenschutzbestimmungen"},"content":{"rendered":"<section class=\"l-section wpb_row height_medium\"><div class=\"l-section-h i-cf\"><div class=\"g-cols vc_row via_grid cols_1 laptops-cols_inherit tablets-cols_inherit mobiles-cols_1 valign_top type_default stacking_default\"><div class=\"wpb_column vc_column_container\"><div class=\"vc_column-inner\"><div class=\"wpb_text_column\"><div class=\"wpb_wrapper\"><p>Pieters poedercoating bvba mit Sitz in Tieltstraat 54 - B-8760 Meulebeke ist f\u00fcr die Verarbeitung personenbezogener Daten gem\u00e4\u00df dieser Datenschutzerkl\u00e4rung verantwortlich.<\/p>\n<p>Kontaktinformationen:<br \/>Tieltstraat 54<br \/>B-8760 Meulebeke<br \/>info@idealtoys.be<br \/>info@idealtoys.be<br \/>+32 (0)51\/486659<\/p>\n<h4 class=\"wp-block-heading\">PERS\u00d6NLICHE DATEN, DIE WIR VERARBEITEN<\/h4>\n<p>Pieters poedercoating bvba verarbeitet Ihre personenbezogenen Daten, weil Sie unsere Dienste in Anspruch nehmen und\/oder weil Sie sie uns selbst zur Verf\u00fcgung stellen:<\/p>\n<ul>\n<li>Pers\u00f6nliche Identifikationsdaten (Name, Vorname, Adresse, E-Mail-Adresse, Telefonnummer, Land)<\/li>\n<li>Kontaktinformationen (Telefonnummer, E-Mail-Adresse)<\/li>\n<li>Finanzielle Identifikationsdaten (Bankverbindung)<\/li>\n<li>Referenzen (Passw\u00f6rter)<\/li>\n<\/ul>\n<h4>BESONDERE UND\/ODER SENSIBLE PERSONENBEZOGENE DATEN, DIE WIR VERARBEITEN<\/h4>\n<p>Unsere Website und\/oder unser Dienst beabsichtigen nicht, Informationen \u00fcber Website-Besucher unter 16 Jahren zu sammeln, es sei denn, sie haben die Zustimmung der Eltern oder Erziehungsberechtigten. Wir k\u00f6nnen jedoch nicht \u00fcberpr\u00fcfen, ob ein Besucher \u00e4lter als 16 Jahre ist. Wir empfehlen daher, dass Eltern in die Online-Aktivit\u00e4ten ihrer Kinder einbezogen werden, um das Sammeln von Daten \u00fcber Kinder ohne elterliche Zustimmung zu vermeiden. Wenn Sie der Meinung sind, dass wir ohne diese Zustimmung personenbezogene Daten \u00fcber einen Minderj\u00e4hrigen gesammelt haben, kontaktieren Sie uns bitte unter info@idealtoys.be und wir werden diese Daten l\u00f6schen.<\/p>\n<h4>ZU WELCHEM ZWECK UND AUF WELCHER GRUNDLAGE WIR PERSONENBEZOGENE DATEN VERARBEITEN<\/h4>\n<p>Pieters poedercoating bvba verarbeitet Ihre personenbezogenen Daten f\u00fcr die folgenden Zwecke:<\/p>\n<ul>\n<li>Abwicklung Ihrer Zahlung<\/li>\n<li>Zusendung unseres Newsletters und\/oder Werbeprospekts<\/li>\n<li>Sie anzurufen oder per E-Mail zu kontaktieren, wenn dies zur Erbringung unserer Dienstleistungen erforderlich ist<\/li>\n<li>Information \u00fcber \u00c4nderungen an unseren Dienstleistungen und Produkten<\/li>\n<li>um Ihnen Waren und Dienstleistungen zu liefern<\/li>\n<\/ul>\n<h4>AUTOMATISIERTE ENTSCHEIDUNGSFINDUNG<\/h4>\n<p>Pieters poedercoating bvba trifft keine Entscheidungen auf der Grundlage einer automatisierten Verarbeitung \u00fcber Angelegenheiten, die (erhebliche) Folgen f\u00fcr Einzelpersonen haben k\u00f6nnen. Dies sind Entscheidungen, die von Computerprogrammen oder -systemen ohne Anwesenheit eines Menschen (z. B. eines Mitarbeiters von Pieters poedercoating bvba) getroffen werden.<\/p>\n<h4>WIE LANGE WIR PERSONENBEZOGENE DATEN AUFBEWAHREN<\/h4>\n<p>Wir speichern Ihre Daten nicht l\u00e4nger als n\u00f6tig, um Ihnen die von Ihnen angeforderten Dienstleistungen zu erbringen, f\u00fcr die in dieser Richtlinie beschriebenen Zwecke und f\u00fcr die rechtlichen Zwecke, f\u00fcr die wir verpflichtet sind, die Daten aufzubewahren. Wir werden Ihre Daten gem\u00e4\u00df unserer Unternehmensrichtlinie sicher l\u00f6schen, wenn sie f\u00fcr diese Zwecke nicht mehr ben\u00f6tigt werden.<\/p>\n<h4>WEITERGABE VON PERSONENBEZOGENEN DATEN AN DRITTE<\/h4>\n<p>Pieters poedercoating bvba gibt nur Informationen an Dritte weiter und nur dann, wenn dies f\u00fcr die Ausf\u00fchrung unserer Vereinbarung mit Ihnen oder zur Erf\u00fcllung einer gesetzlichen Verpflichtung erforderlich ist.<\/p>\n<h4>DATEN EINSEHEN, \u00c4NDERN ODER L\u00d6SCHEN<\/h4>\n<p>Sie haben das Recht, Ihre personenbezogenen Daten einzusehen, zu korrigieren oder zu l\u00f6schen. Sie haben auch das Recht, Ihre eventuelle Zustimmung zur Datenverarbeitung zu widerrufen oder der Verarbeitung Ihrer personenbezogenen Daten durch Pieters poedercoating bvba zu widersprechen, und Sie haben das Recht auf Daten\u00fcbertragbarkeit. Dies bedeutet, dass Sie eine Anfrage an uns richten k\u00f6nnen, um die personenbezogenen Daten, die wir \u00fcber Sie in einer Computerdatei gespeichert haben, an Sie oder eine andere von Ihnen benannte Organisation zu senden.<\/p>\n<p>Sie k\u00f6nnen einen Antrag auf Einsicht, Berichtigung, L\u00f6schung oder \u00dcbermittlung Ihrer personenbezogenen Daten oder auf Widerruf Ihrer Einwilligung oder auf Widerspruch gegen die Verarbeitung Ihrer personenbezogenen Daten an folgende Adresse senden\u00a0<a href=\"mailto:info@idealtoys.be\">info@idealtoys.be<\/a><\/p>\n<p>Um sicherzustellen, dass der Antrag auf Einsichtnahme von Ihnen gestellt wird, bitten wir Sie, dem Antrag eine Kopie Ihres Ausweises beizuf\u00fcgen. Schw\u00e4rzen Sie in dieser Kopie Ihr Passfoto, den Nummernstreifen am unteren Rand des Passes, die Passnummer und die Nationalregisternummer. Dies dient dem Schutz Ihrer Privatsph\u00e4re. Wir werden Ihre Anfrage so schnell wie m\u00f6glich beantworten, jedoch innerhalb von vier Wochen.<\/p>\n<h4>WIE WIR PERSONENBEZOGENE DATEN SCH\u00dcTZEN<\/h4>\n<p>Pieters poedercoating bvba nimmt den Schutz Ihrer Daten ernst und ergreift geeignete Ma\u00dfnahmen, um Missbrauch, Verlust, unbefugten Zugriff, unerw\u00fcnschte Offenlegung und unbefugte \u00c4nderung zu verhindern. Wenn Sie den Eindruck haben, dass Ihre Daten nicht richtig gesichert sind oder Hinweise auf Missbrauch vorliegen, wenden Sie sich bitte an unseren Kundendienst oder \u00fcber info@idealtoys.be.<\/p>\n<\/div><\/div><\/div><\/div><\/div><\/div><\/section>","protected":false},"excerpt":{"rendered":"Pieters Powder Coating BVBA mit Sitz in Tieltstraat 54 \u2013 B-8760 Meulebeke ist f\u00fcr die Verarbeitung personenbezogener Daten gem\u00e4\u00df dieser Datenschutzerkl\u00e4rung verantwortlich. Kontaktdaten:Tieltstraat 54B-8760 Meulebekewww.idealtoys.beinfo@idealtoys.be+32 (0)51\/486659 PERS\u00d6NLICHE DATEN, DIE WIR VERARBEITEN Pieters Powdercoating BVBA verarbeitet Ihre personenbezogenen Daten, weil Sie unsere Dienste nutzen und\/oder weil Sie uns diese selbst zur Verf\u00fcgung stellen : Pers\u00f6nliche Identifikationsdaten (Name, Vorname,...)","protected":false},"author":1,"featured_media":0,"parent":0,"menu_order":0,"comment_status":"closed","ping_status":"open","template":"","meta":{"_acf_changed":false,"footnotes":""},"class_list":["post-3","page","type-page","status-publish","hentry"],"acf":[],"_links":{"self":[{"href":"https:\/\/www.idealtoys.be\/de\/wp-json\/wp\/v2\/pages\/3","targetHints":{"allow":["GET"]}}],"collection":[{"href":"https:\/\/www.idealtoys.be\/de\/wp-json\/wp\/v2\/pages"}],"about":[{"href":"https:\/\/www.idealtoys.be\/de\/wp-json\/wp\/v2\/types\/page"}],"author":[{"embeddable":true,"href":"https:\/\/www.idealtoys.be\/de\/wp-json\/wp\/v2\/users\/1"}],"replies":[{"embeddable":true,"href":"https:\/\/www.idealtoys.be\/de\/wp-json\/wp\/v2\/comments?post=3"}],"version-history":[{"count":0,"href":"https:\/\/www.idealtoys.be\/de\/wp-json\/wp\/v2\/pages\/3\/revisions"}],"wp:attachment":[{"href":"https:\/\/www.idealtoys.be\/de\/wp-json\/wp\/v2\/media?parent=3"}],"curies":[{"name":"wp","href":"https:\/\/api.w.org\/{rel}","templated":true}]}}